{"id":41,"date":"2017-03-08T09:03:29","date_gmt":"2017-03-08T08:03:29","guid":{"rendered":"https:\/\/cbrell.de\/blog\/?page_id=41"},"modified":"2025-10-14T13:15:10","modified_gmt":"2025-10-14T11:15:10","slug":"warum-gibt-es-diesen-gamification-elearning-wissensmanagement-blog","status":"publish","type":"page","link":"https:\/\/cbrell.de\/blog\/","title":{"rendered":"Startseite"},"content":{"rendered":"<p>Startseite f\u00fcr Claus Brells Blog. Darum geht es&#8230;<\/p>\n<p>01.10..2024<\/p>\n<h2><strong>Bienenhaltung \/ Imkerei und Naturbeobachtung<\/strong><\/h2>\n<h3>Erlebnisorientiert Imkern in Mini Plus<\/h3>\n<p>Zum Imkern in Mini Plus gibt es zwei erste Beitr\u00e4ge zu einer Serie \u00fcber das Arbeiten mit dem Mini Plus Beutensystem bzw. dazu, was andere Autoren\u00a0 dazu sagen. Gedacht ist Mini-Plus als zus\u00e4tzliches System zur K\u00f6niginnen-Vermehrung. Durch seinen Aufbau als kleine Magazinbeute bietet Mini-Plus viele weitere M\u00f6glichkeiten bis hin zum ausschlie\u00dflichen Imkern in Mini Plus.<\/p>\n<p>Die Beitr\u00e4ge zum Imkerei in Mini Plus sind nach Themen sortiert \u00fcber die Mini Plus \u00dcbersichtsseite zu erreichen:<\/p>\n<p><a href=\"https:\/\/cbrell.de\/blog\/imkern-in-mini-plus-uebersicht-der-beitraege-von-claus-brell\/\">Imkern in Mini Plus \u2013 \u00dcbersicht der Beitr\u00e4ge von Claus Brell<\/a><\/p>\n<p>Der Beitrag <a href=\"https:\/\/cbrell.de\/blog\/gruenlandtemperatursumme-phaenologischer-kalender-und-bienen-bedeutung-der-temperatur-fuer-die-imkerei\/\">Gr\u00fcnlandtemperatursumme, Ph\u00e4nologischer Kalender und Bienen \u2013 Bedeutung der Temperatur f\u00fcr die Imkerei <\/a>beleuchtet den Zusammengang zwischen der Gr\u00fcnlandtemperatursumme und dem ph\u00e4nologischen Kalender sowie den m\u00f6glichen Zusammenh\u00e4ngen mit dem Verhalten von Honigbienen \u2013 und wie Imker letztendlich davon abh\u00e4ngig sind. Bienen haben keinen Kalender, sondern sind in ihrem Lebenszyklus von den Temperaturen rund um den Stock und im gesamten Futtergebiet abh\u00e4ngig. So haben Autoren die Relevanz der Ph\u00e4nologie \u2013 also die Beobachtung z.B. des Bl\u00fchbeginns von Zeigerpflanzen \u2013 f\u00fcr Hongibienen erkannt (Ritter 2020). Pflanzen haben auch keinen Kalender, viele Pflanzen bl\u00fchen in Abh\u00e4ngigkeit des Temperaturgeschehens im Jahr. Landwirte machen sich das zu Nutze und verwenden z.B. die Gr\u00fcnlandtemperatursumme.<\/p>\n<h3>Vespa velutina<\/h3>\n<p>Imkerei kennt zur Zeit offenbar nur ein wichtiges Thema: Vespa Velutina. Viele Imker sehen in der investiven Hornisse eine Bedrohung f\u00fcr ihre Bienenv\u00f6lker. Einige Beitr\u00e4ge zur Vespa Velutina in diesem Blog<em>: <a href=\"https:\/\/cbrell.de\/blog\/vespa-velutina-bilder\/\">Vespa Velutina Bilder<\/a><a href=\"https:\/\/cbrell.de\/blog\/flugloch-einengung-gegen-vespa-velutina-bienenschutz\/\">Flugloch-Einengung gegen Vespa Velutina \u2013 Bienenschutz<\/a>, <a href=\"https:\/\/cbrell.de\/blog\/vespa-velutina-locktopf-halterung\/\">Vespa Velutina Locktopf Halterung<\/a><\/em><\/p>\n<p>&nbsp;<\/p>\n<h2>Honigbienen und Digitalisierung<\/h2>\n<p><a href=\"https:\/\/cbrell.de\/blog\/honigbienen-uebersicht\/\">Honigbienen und andere Best\u00e4uberinsekten &#8211; \u00dcberblick<\/a><br \/>\nDer Beitrag liefert eine \u00dcbersicht \u00fcber alle Honigbienen Beitr\u00e4ge auf diesen Seiten. Die Beitr\u00e4ge sind thematisch zusammengestellt.<\/p>\n<p><a href=\"https:\/\/cbrell.de\/blog\/gamification-und-game-based-motivation-uebersicht\/\">Gamification und Motivation &#8211; \u00dcbersicht<\/a><\/p>\n<p><a href=\"https:\/\/cbrell.de\/blog\/uebersicht-beitraege-zur-didaktik-lernen-und-lehren-mit-und-ohne-digitalisierung\/\">Beitr\u00e4ge zur Didaktik &#8211; lernen und lehren mit und ohne Digitalisierung<\/a><\/p>\n<p><a href=\"https:\/\/cbrell.de\/blog\/heizungsueberwachung-mit-esp8266-energiesparen-mit-iot\/\">Heizungs\u00fcberwachung mit ESP8266 \u2013 Energiesparen mit IoT<\/a><br \/>\nDer Beitrag zeigt am Beispiel einer Heizungs\u00fcberwachung mit ESP8266 (einem Microcontroller) den Forschungsprozess in der Wirtschaftsinformatik auf, der sich nahe am Design Science Research bewegt. Darauis leitet der Beitrag dann ein kleines Forschungsprojekt ab. Die hinter diesem Beitrag stammende Technik wurde im Rahmen des Projektes <a href=\"http:\/\/bieneviernull.de\">Biene40<\/a> entwickelt.<\/p>\n<h2><strong>IoT mit ESP8266, Raspberry Pi, Arduino, ESP und Co.<\/strong><\/h2>\n<p><a href=\"https:\/\/cbrell.de\/blog\/wlan-mit-esp8266-untersuchung-zu-parametern-der-wifi-signalstaerke\/\">WLAN mit ESP8266 \u2013 Untersuchung zu Parametern der WiFi-Signalst\u00e4rke<\/a><br \/>\nDieser Beitrag untersucht, welche Umst\u00e4nde die ESP8266 WLAN Signalst\u00e4rke beeinflussen. Die ESP8266 WLAN Signalst\u00e4rke hat wiederum einen Einfluss darauf, wie schnell Messdaten z.B. \u00fcber http \u00fcbertragen werden. Bei schneller \u00dcbertragung kann die Verbindungszeit reduziert werden, das senkt den Energieverbrauch.<\/p>\n<p><a href=\"https:\/\/cbrell.de\/blog\/esp8266-im-batteriebetrieb\/\">ESP8266 im Batteriebetrieb<\/a><br \/>\nF\u00fcr den Einsatz des ESP8266 im Batteriebetrieb kann es sinnvoll sein, einen sog. deep sleep Modus zu nutzen. Die Betriebsdauer l\u00e4sst sich damit erheblich verl\u00e4ngern. Der Beitrag beschreibt einen Testaufbau und verschiedene Testszenarien, um beispielhaft M\u00f6glichkeiten f\u00fcr den ESP8266 im Batteriebetrieb aufzuzeigen.<\/p>\n<p><a href=\"https:\/\/cbrell.de\/blog\/raspberry-pi-projekte-uebersicht\/\">Raspberry Pi Projekte \u2013 \u00dcbersicht<\/a><\/p>\n<p><a href=\"https:\/\/cbrell.de\/blog\/lehrer-und-schuelerworkshops\/\">Lehrer- und Sch\u00fclerworkshops<\/a><\/p>\n<h2>F\u00fcr Studierende und Studium<\/h2>\n<p>Alle eine Unterlagen in einer Liste_ <a href=\"https:\/\/cbrell.de\/blog\/methoden-der-wirtschaftsinformatik-ueberblick\/\">Methoden der Wirtschaftsinformatik \u2013 \u00dcberblick<\/a><\/p>\n<h3>Lernunterlagen Module<\/h3>\n<p>Anmerkung: Seit dem Sommersemester 2024 f\u00fchre ich keine Lehrveranstaltung mehr durch, sondern widme mich ausschlie\u00dflich meinen Forschungsarbeiten zur Digitalisierung der Bienenhaltung. Die Unterlagen zu den Lehrveranstaltungen werden schritttweise so umgestellt, dass auch andere Lehrkr\u00e4fte die Unterlagen f\u00fcr eigen Veranstaltungen nutzen k\u00f6nnen.<\/p>\n<p>BCSM104 <a href=\"https:\/\/cbrell.de\/blog\/qualitative-methoden-der-wi-und-geschaeftsprozesse-lehr-und-lernmaterialien-fuer-bcsm104\/\">Modul Qualitative Methoden der Wirtschaftsinformatik und Gesch\u00e4ftsprozesse<\/a><\/p>\n<p>BWI50110 <a href=\"https:\/\/cbrell.de\/blog\/game-design-und-programmierung\/\">Modul Game Design und Programmierung<\/a><\/p>\n<p>BWI50205 <a href=\"https:\/\/cbrell.de\/blog\/modul_webanwendungen\/\">Modul Webanwendungen<\/a><\/p>\n<p>BBS203 <a href=\"https:\/\/cbrell.de\/blog\/lehr-lernmaterial-fuer-methoden-der-wirtschaftsinformatik-berufsbegleitend-betriebswirtschaftlicher-studiengang\/\">Modul Methoden der Wirtschaftsinformatik f\u00fcr Betriebswirte (berufsbegleitend)<\/a><\/p>\n<h2>Abschlussarbeiten, Praxisphase, Arbeitsmethodiken<\/h2>\n<p><a href=\"https:\/\/cbrell.de\/blog\/bachelor-und-master-begutachtete-abschlussarbeiten\/\">Bachelor- und\u00a0<\/a><u>masterarbeiten <\/u>betreute Arbeiten<\/p>\n<p><a href=\"https:\/\/cbrell.de\/blog\/schreibregeln\/\">Schreibregeln<\/a>, <a href=\"https:\/\/cbrell.de\/blog\/literaturrecherche-planen-und-durchfuehren-mit-checkliste\/\">Literaturrecherche<\/a><\/p>\n<p class=\"entry-title\"><a href=\"https:\/\/cbrell.de\/blog\/videos-zur-wirtschaftsinformatik-die-weichen-methoden\/\">Videos zur Wirtschaftsinformatik \u2013 die \u201eweichen\u201c Methoden<\/a><\/p>\n<h2>Buchprojekte<\/h2>\n<h3>Statistik<\/h3>\n<table>\n<tbody>\n<tr>\n<td><\/td>\n<td><a href=\"https:\/\/cbrell.de\/blog\/statistik-von-null-auf-hundert-buchbeschreibung\/\">https:\/\/cbrell.de\/blog\/statistik-von-null-auf-hundert-buchbeschreibung\/<\/a><\/td>\n<td><\/td>\n<\/tr>\n<tr>\n<td><\/td>\n<td><a href=\"https:\/\/cbrell.de\/blog\/statistik-von-null-auf-hundert-dozentenmaterial\/\">https:\/\/cbrell.de\/blog\/statistik-von-null-auf-hundert-dozentenmaterial\/<\/a><\/td>\n<\/tr>\n<\/tbody>\n<\/table>\n<h3><\/h3>\n<h3>Schwerpunkte in diesem Blog<\/h3>\n<ol>\n<li><strong>Honigbienen<\/strong> sind ein ideales Erprobungsfeld f\u00fcr IoT und KI. Daher haben wir schon zwei Forschungsprojekte eigeworben und begonnen: <a href=\"http:\/\/bieneviernull.de\">Biene40<\/a> und <a href=\"https:\/\/ai4bee.de\">AI4Bee<\/a>.<\/li>\n<li>F\u00fcr mich als bekennendes Spielkind er\u00f6ffnet diese Themenkombination die M\u00f6glichkeit, pers\u00f6nliche Interessen und Profession zu verbinden. Auf diesen Seiten findet eine Leserin daher Bezugspunkte zur <strong>Lehre<\/strong>..<\/li>\n<li><strong>Methoden<\/strong> sind wichtig und bieten den Anker, umTalent und Engagement zielgerichtet in Arbeitsergebnisse m\u00fcnden zu lassen. So werden auf diesen Seiten auch Zusammenstellungen zu Methoden einflie\u00dfen, die von Studierenden als unzug\u00e4nglich angesehen werden. Die Datenmodellierung ist Dauerbrenner unter den ungeliebten Themen.<\/li>\n<\/ol>\n<p>Claus Brell, Oktober 2025<\/p>\n<p>ehem. Ministerium f\u00fcr Wissenschaft und Forschung NRW<\/p>\n<p>ehem. Hochschule Niederrhein, Fachbereich Wirtschaftswissenschaften<\/p>\n<p>Zur Zeit: clabremo GmbH (Gesch\u00e4ftsf\u00fchrung), Bienensachverst\u00e4ndiger NRW, Obmann f\u00fcr neue imkerliche Betriebsweisen im Kreis Viersen<\/p>\n<p>Mehr \u00fcber mich:<\/p>\n<p><a href=\"http:\/\/claus-brell.de\/profil-vita-publikationen-claus-brell.php\">http:\/\/claus-brell.de\/profil-vita-publikationen-claus-brell.php<\/a><\/p>\n<p><a href=\"https:\/\/cbrell.de\/blog\/presseberichterstattung-von-und-mit-claus-brell\/\">Zusammenstellung von Presseberichten \u00fcber Claus Brell<\/a><\/p>\n<p>&nbsp;<\/p>\n<p><img decoding=\"async\" src=\"https:\/\/cbrell.de\/zaehler?x=2252\" \/><\/p>\n<h3>Beliebte Seiten in diesem Blog:<\/h3>\n<table>\n<tbody>\n<tr>\n<td>11<\/td>\n<td><a href=\"https:\/\/cbrell.de\/blog\/topologie-iot-mit-lora-the-things-network\/\">https:\/\/cbrell.de\/blog\/topologie-iot-mit-lora-the-things-network\/<\/a><\/td>\n<td>1046<\/td>\n<\/tr>\n<tr>\n<td>12<\/td>\n<td><a href=\"https:\/\/cbrell.de\/blog\/arnolds-digitale-imkerei-fallstudie-fuer-die-wirtschaftsinformatik\/\">https:\/\/cbrell.de\/blog\/arnolds-digitale-imkerei-fallstudie-fuer-die-wirtschaftsinformatik\/<\/a><\/td>\n<td>1003<\/td>\n<\/tr>\n<tr>\n<td>13<\/td>\n<td><a href=\"https:\/\/cbrell.de\/blog\/atmega168-mit-der-arduino-ide-programmieren\/\">https:\/\/cbrell.de\/blog\/atmega168-mit-der-arduino-ide-programmieren\/<\/a><\/td>\n<td>1001<\/td>\n<\/tr>\n<tr>\n<td>14<\/td>\n<td><a href=\"https:\/\/cbrell.de\/blog\/modell-und-modellierung-was-ist-das\/\">https:\/\/cbrell.de\/blog\/modell-und-modellierung-was-ist-das\/<\/a><\/td>\n<td>969<\/td>\n<\/tr>\n<tr>\n<td>15<\/td>\n<td><a href=\"https:\/\/cbrell.de\/blog\/mini-plus-fuer-den-winter-einfuettern-was-sollen-beuten-wiegen\/\">https:\/\/cbrell.de\/blog\/mini-plus-fuer-den-winter-einfuettern-was-sollen-beuten-wiegen\/<\/a><\/td>\n<td>931<\/td>\n<\/tr>\n<\/tbody>\n<\/table>\n<div class=\"shariff shariff-align-flex-start shariff-widget-align-flex-start\" data-services=\"facebook\" data-url=\"https%3A%2F%2Fcbrell.de%2Fblog%2F\" data-timestamp=\"1760447710\" data-backendurl=\"https:\/\/cbrell.de\/blog\/wp-json\/shariff\/v1\/share_counts?\"><div class=\"ShariffHeadline\">Teile diesen Beitrag.<\/div><ul class=\"shariff-buttons theme-round orientation-horizontal buttonsize-medium\"><li class=\"shariff-button twitter shariff-nocustomcolor\" style=\"background-color:#32bbf5\"><a href=\"https:\/\/twitter.com\/share?url=https%3A%2F%2Fcbrell.de%2Fblog%2F&text=Startseite\" title=\"Bei Twitter teilen\" aria-label=\"Bei Twitter teilen\" role=\"button\" rel=\"noopener nofollow\" class=\"shariff-link\" style=\"; background-color:#55acee; color:#fff\" target=\"_blank\"><span class=\"shariff-icon\" style=\"\"><svg width=\"32px\" height=\"20px\" xmlns=\"http:\/\/www.w3.org\/2000\/svg\" viewBox=\"0 0 30 32\"><path fill=\"#55acee\" d=\"M29.7 6.8q-1.2 1.8-3 3.1 0 0.3 0 0.8 0 2.5-0.7 4.9t-2.2 4.7-3.5 4-4.9 2.8-6.1 1q-5.1 0-9.3-2.7 0.6 0.1 1.5 0.1 4.3 0 7.6-2.6-2-0.1-3.5-1.2t-2.2-3q0.6 0.1 1.1 0.1 0.8 0 1.6-0.2-2.1-0.4-3.5-2.1t-1.4-3.9v-0.1q1.3 0.7 2.8 0.8-1.2-0.8-2-2.2t-0.7-2.9q0-1.7 0.8-3.1 2.3 2.8 5.5 4.5t7 1.9q-0.2-0.7-0.2-1.4 0-2.5 1.8-4.3t4.3-1.8q2.7 0 4.5 1.9 2.1-0.4 3.9-1.5-0.7 2.2-2.7 3.4 1.8-0.2 3.5-0.9z\"\/><\/svg><\/span><\/a><\/li><li class=\"shariff-button facebook shariff-nocustomcolor\" style=\"background-color:#4273c8\"><a href=\"https:\/\/www.facebook.com\/sharer\/sharer.php?u=https%3A%2F%2Fcbrell.de%2Fblog%2F\" title=\"Bei Facebook teilen\" aria-label=\"Bei Facebook teilen\" role=\"button\" rel=\"nofollow\" class=\"shariff-link\" style=\"; background-color:#3b5998; color:#fff\" target=\"_blank\"><span class=\"shariff-icon\" style=\"\"><svg width=\"32px\" height=\"20px\" xmlns=\"http:\/\/www.w3.org\/2000\/svg\" viewBox=\"0 0 18 32\"><path fill=\"#3b5998\" d=\"M17.1 0.2v4.7h-2.8q-1.5 0-2.1 0.6t-0.5 1.9v3.4h5.2l-0.7 5.3h-4.5v13.6h-5.5v-13.6h-4.5v-5.3h4.5v-3.9q0-3.3 1.9-5.2t5-1.8q2.6 0 4.1 0.2z\"\/><\/svg><\/span><\/a><\/li><li class=\"shariff-button linkedin shariff-nocustomcolor\" style=\"background-color:#1488bf\"><a href=\"https:\/\/www.linkedin.com\/sharing\/share-offsite\/?url=https%3A%2F%2Fcbrell.de%2Fblog%2F\" title=\"Bei LinkedIn teilen\" aria-label=\"Bei LinkedIn teilen\" role=\"button\" rel=\"noopener nofollow\" class=\"shariff-link\" style=\"; background-color:#0077b5; color:#fff\" target=\"_blank\"><span class=\"shariff-icon\" style=\"\"><svg width=\"32px\" height=\"20px\" xmlns=\"http:\/\/www.w3.org\/2000\/svg\" viewBox=\"0 0 27 32\"><path fill=\"#0077b5\" d=\"M6.2 11.2v17.7h-5.9v-17.7h5.9zM6.6 5.7q0 1.3-0.9 2.2t-2.4 0.9h0q-1.5 0-2.4-0.9t-0.9-2.2 0.9-2.2 2.4-0.9 2.4 0.9 0.9 2.2zM27.4 18.7v10.1h-5.9v-9.5q0-1.9-0.7-2.9t-2.3-1.1q-1.1 0-1.9 0.6t-1.2 1.5q-0.2 0.5-0.2 1.4v9.9h-5.9q0-7.1 0-11.6t0-5.3l0-0.9h5.9v2.6h0q0.4-0.6 0.7-1t1-0.9 1.6-0.8 2-0.3q3 0 4.9 2t1.9 6z\"\/><\/svg><\/span><\/a><\/li><\/ul><\/div>","protected":false},"excerpt":{"rendered":"<p>Startseite f\u00fcr Claus Brells Blog. Darum geht es&#8230; 01.10..2024 Bienenhaltung \/ Imkerei und Naturbeobachtung Erlebnisorientiert Imkern in Mini Plus Zum Imkern in Mini Plus gibt es zwei erste Beitr\u00e4ge zu &#8230;<\/p>\n","protected":false},"author":1,"featured_media":2819,"parent":0,"menu_order":0,"comment_status":"closed","ping_status":"closed","template":"","meta":{"footnotes":""},"class_list":["post-41","page","type-page","status-publish","has-post-thumbnail","hentry"],"yoast_head":"<!-- This site is optimized with the Yoast SEO plugin v27.3 - https:\/\/yoast.com\/product\/yoast-seo-wordpress\/ -->\n<title>Startseite - Bienen, Natur und Internet of Things<\/title>\n<meta name=\"description\" content=\"Blog Startseite von Claus Brell. Studierende finden hier Infos zu meinen Lehrveranstaltungen, ansonsten Gehts um Bits, Bytes und Bienen.\" \/>\n<meta name=\"robots\" content=\"index, follow, max-snippet:-1, max-image-preview:large, max-video-preview:-1\" \/>\n<link rel=\"canonical\" href=\"https:\/\/cbrell.de\/blog\/\" \/>\n<meta property=\"og:locale\" content=\"de_DE\" \/>\n<meta property=\"og:type\" content=\"article\" \/>\n<meta property=\"og:title\" content=\"Startseite - Bienen, Natur und Internet of Things\" \/>\n<meta property=\"og:description\" content=\"Blog Startseite von Claus Brell. Studierende finden hier Infos zu meinen Lehrveranstaltungen, ansonsten Gehts um Bits, Bytes und Bienen.\" \/>\n<meta property=\"og:url\" content=\"https:\/\/cbrell.de\/blog\/\" \/>\n<meta property=\"og:site_name\" content=\"Bienen, Natur und Internet of Things\" \/>\n<meta property=\"article:modified_time\" content=\"2025-10-14T11:15:10+00:00\" \/>\n<meta property=\"og:image\" content=\"https:\/\/cbrell.de\/blog\/wp-content\/uploads\/2022\/09\/Claus-Brell-am-Testbienenstand.jpg\" \/>\n\t<meta property=\"og:image:width\" content=\"519\" \/>\n\t<meta property=\"og:image:height\" content=\"356\" \/>\n\t<meta property=\"og:image:type\" content=\"image\/jpeg\" \/>\n<meta name=\"twitter:card\" content=\"summary_large_image\" \/>\n<meta name=\"twitter:site\" content=\"@clausbrell\" \/>\n<meta name=\"twitter:label1\" content=\"Gesch\u00e4tzte Lesezeit\" \/>\n\t<meta name=\"twitter:data1\" content=\"5\u00a0Minuten\" \/>\n<script type=\"application\/ld+json\" class=\"yoast-schema-graph\">{\"@context\":\"https:\\\/\\\/schema.org\",\"@graph\":[{\"@type\":\"WebPage\",\"@id\":\"https:\\\/\\\/cbrell.de\\\/blog\\\/\",\"url\":\"https:\\\/\\\/cbrell.de\\\/blog\\\/\",\"name\":\"Startseite - Bienen, Natur und Internet of Things\",\"isPartOf\":{\"@id\":\"https:\\\/\\\/cbrell.de\\\/blog\\\/#website\"},\"primaryImageOfPage\":{\"@id\":\"https:\\\/\\\/cbrell.de\\\/blog\\\/#primaryimage\"},\"image\":{\"@id\":\"https:\\\/\\\/cbrell.de\\\/blog\\\/#primaryimage\"},\"thumbnailUrl\":\"https:\\\/\\\/cbrell.de\\\/blog\\\/wp-content\\\/uploads\\\/2022\\\/09\\\/Claus-Brell-am-Testbienenstand.jpg\",\"datePublished\":\"2017-03-08T08:03:29+00:00\",\"dateModified\":\"2025-10-14T11:15:10+00:00\",\"description\":\"Blog Startseite von Claus Brell. Studierende finden hier Infos zu meinen Lehrveranstaltungen, ansonsten Gehts um Bits, Bytes und Bienen.\",\"breadcrumb\":{\"@id\":\"https:\\\/\\\/cbrell.de\\\/blog\\\/#breadcrumb\"},\"inLanguage\":\"de\",\"potentialAction\":[{\"@type\":\"ReadAction\",\"target\":[\"https:\\\/\\\/cbrell.de\\\/blog\\\/\"]}]},{\"@type\":\"ImageObject\",\"inLanguage\":\"de\",\"@id\":\"https:\\\/\\\/cbrell.de\\\/blog\\\/#primaryimage\",\"url\":\"https:\\\/\\\/cbrell.de\\\/blog\\\/wp-content\\\/uploads\\\/2022\\\/09\\\/Claus-Brell-am-Testbienenstand.jpg\",\"contentUrl\":\"https:\\\/\\\/cbrell.de\\\/blog\\\/wp-content\\\/uploads\\\/2022\\\/09\\\/Claus-Brell-am-Testbienenstand.jpg\",\"width\":519,\"height\":356,\"caption\":\"Bild Claus Brell mit Bienen und IoT Device\"},{\"@type\":\"BreadcrumbList\",\"@id\":\"https:\\\/\\\/cbrell.de\\\/blog\\\/#breadcrumb\",\"itemListElement\":[{\"@type\":\"ListItem\",\"position\":1,\"name\":\"Startseite\",\"item\":\"https:\\\/\\\/cbrell.de\\\/blog\\\/\"},{\"@type\":\"ListItem\",\"position\":2,\"name\":\"Startseite\"}]},{\"@type\":\"WebSite\",\"@id\":\"https:\\\/\\\/cbrell.de\\\/blog\\\/#website\",\"url\":\"https:\\\/\\\/cbrell.de\\\/blog\\\/\",\"name\":\"Bienen, Natur und Internet of Things\",\"description\":\"Alles, was einfach ist. Von Claus Brell\",\"potentialAction\":[{\"@type\":\"SearchAction\",\"target\":{\"@type\":\"EntryPoint\",\"urlTemplate\":\"https:\\\/\\\/cbrell.de\\\/blog\\\/?s={search_term_string}\"},\"query-input\":{\"@type\":\"PropertyValueSpecification\",\"valueRequired\":true,\"valueName\":\"search_term_string\"}}],\"inLanguage\":\"de\"}]}<\/script>\n<!-- \/ Yoast SEO plugin. -->","yoast_head_json":{"title":"Startseite - Bienen, Natur und Internet of Things","description":"Blog Startseite von Claus Brell. Studierende finden hier Infos zu meinen Lehrveranstaltungen, ansonsten Gehts um Bits, Bytes und Bienen.","robots":{"index":"index","follow":"follow","max-snippet":"max-snippet:-1","max-image-preview":"max-image-preview:large","max-video-preview":"max-video-preview:-1"},"canonical":"https:\/\/cbrell.de\/blog\/","og_locale":"de_DE","og_type":"article","og_title":"Startseite - Bienen, Natur und Internet of Things","og_description":"Blog Startseite von Claus Brell. Studierende finden hier Infos zu meinen Lehrveranstaltungen, ansonsten Gehts um Bits, Bytes und Bienen.","og_url":"https:\/\/cbrell.de\/blog\/","og_site_name":"Bienen, Natur und Internet of Things","article_modified_time":"2025-10-14T11:15:10+00:00","og_image":[{"width":519,"height":356,"url":"https:\/\/cbrell.de\/blog\/wp-content\/uploads\/2022\/09\/Claus-Brell-am-Testbienenstand.jpg","type":"image\/jpeg"}],"twitter_card":"summary_large_image","twitter_site":"@clausbrell","twitter_misc":{"Gesch\u00e4tzte Lesezeit":"5\u00a0Minuten"},"schema":{"@context":"https:\/\/schema.org","@graph":[{"@type":"WebPage","@id":"https:\/\/cbrell.de\/blog\/","url":"https:\/\/cbrell.de\/blog\/","name":"Startseite - Bienen, Natur und Internet of Things","isPartOf":{"@id":"https:\/\/cbrell.de\/blog\/#website"},"primaryImageOfPage":{"@id":"https:\/\/cbrell.de\/blog\/#primaryimage"},"image":{"@id":"https:\/\/cbrell.de\/blog\/#primaryimage"},"thumbnailUrl":"https:\/\/cbrell.de\/blog\/wp-content\/uploads\/2022\/09\/Claus-Brell-am-Testbienenstand.jpg","datePublished":"2017-03-08T08:03:29+00:00","dateModified":"2025-10-14T11:15:10+00:00","description":"Blog Startseite von Claus Brell. Studierende finden hier Infos zu meinen Lehrveranstaltungen, ansonsten Gehts um Bits, Bytes und Bienen.","breadcrumb":{"@id":"https:\/\/cbrell.de\/blog\/#breadcrumb"},"inLanguage":"de","potentialAction":[{"@type":"ReadAction","target":["https:\/\/cbrell.de\/blog\/"]}]},{"@type":"ImageObject","inLanguage":"de","@id":"https:\/\/cbrell.de\/blog\/#primaryimage","url":"https:\/\/cbrell.de\/blog\/wp-content\/uploads\/2022\/09\/Claus-Brell-am-Testbienenstand.jpg","contentUrl":"https:\/\/cbrell.de\/blog\/wp-content\/uploads\/2022\/09\/Claus-Brell-am-Testbienenstand.jpg","width":519,"height":356,"caption":"Bild Claus Brell mit Bienen und IoT Device"},{"@type":"BreadcrumbList","@id":"https:\/\/cbrell.de\/blog\/#breadcrumb","itemListElement":[{"@type":"ListItem","position":1,"name":"Startseite","item":"https:\/\/cbrell.de\/blog\/"},{"@type":"ListItem","position":2,"name":"Startseite"}]},{"@type":"WebSite","@id":"https:\/\/cbrell.de\/blog\/#website","url":"https:\/\/cbrell.de\/blog\/","name":"Bienen, Natur und Internet of Things","description":"Alles, was einfach ist. Von Claus Brell","potentialAction":[{"@type":"SearchAction","target":{"@type":"EntryPoint","urlTemplate":"https:\/\/cbrell.de\/blog\/?s={search_term_string}"},"query-input":{"@type":"PropertyValueSpecification","valueRequired":true,"valueName":"search_term_string"}}],"inLanguage":"de"}]}},"_links":{"self":[{"href":"https:\/\/cbrell.de\/blog\/wp-json\/wp\/v2\/pages\/41","targetHints":{"allow":["GET"]}}],"collection":[{"href":"https:\/\/cbrell.de\/blog\/wp-json\/wp\/v2\/pages"}],"about":[{"href":"https:\/\/cbrell.de\/blog\/wp-json\/wp\/v2\/types\/page"}],"author":[{"embeddable":true,"href":"https:\/\/cbrell.de\/blog\/wp-json\/wp\/v2\/users\/1"}],"replies":[{"embeddable":true,"href":"https:\/\/cbrell.de\/blog\/wp-json\/wp\/v2\/comments?post=41"}],"version-history":[{"count":31,"href":"https:\/\/cbrell.de\/blog\/wp-json\/wp\/v2\/pages\/41\/revisions"}],"predecessor-version":[{"id":5560,"href":"https:\/\/cbrell.de\/blog\/wp-json\/wp\/v2\/pages\/41\/revisions\/5560"}],"wp:featuredmedia":[{"embeddable":true,"href":"https:\/\/cbrell.de\/blog\/wp-json\/wp\/v2\/media\/2819"}],"wp:attachment":[{"href":"https:\/\/cbrell.de\/blog\/wp-json\/wp\/v2\/media?parent=41"}],"curies":[{"name":"wp","href":"https:\/\/api.w.org\/{rel}","templated":true}]}}