{"id":2,"date":"2015-12-22T07:07:04","date_gmt":"2015-12-22T06:07:04","guid":{"rendered":"http:\/\/xdast.abcde.biz\/wordpress\/?page_id=2"},"modified":"2023-12-17T21:55:09","modified_gmt":"2023-12-17T20:55:09","slug":"das-ist-naturwatch","status":"publish","type":"page","link":"https:\/\/cbrell.de\/blog\/das-ist-naturwatch\/","title":{"rendered":"Das ist naturWatch.HN"},"content":{"rendered":"<p><strong>Ziel.<\/strong>\u00a0 naturWatch HN entwickelt einen Bausatz f\u00fcr die internetgest\u00fctzte, autarke Naturbeobachtung, der von jedem mit Heimwerkerkenntnissen f\u00fcr unter 300 Euro Materialkosten aufgebaut werden kann. Mit den Beobachtungsm\u00f6glichkeiten soll im Anschluss an des Projekt ein Beobachtungsnetzwerk aufgebaut werden, um Erkenntnisse zun\u00e4chst f\u00fcr den Vogelschutz zu gewinnen.<br \/>\n<strong>Sekund\u00e4rziel<\/strong> ist, die Verbindung von Naturschutz, Naturerleben und Digitalisierung aufzuzeigen &#8211; Naturschutz 4.0. Schon w\u00e4hrend der Projektlaufzeit zeigt sich, dass damit junge Menschen angesprochen werden und die Digitalisierung aus der Nerd-Ecke herauskommt. Auch bei M\u00e4dchen wird IT damit anschlussf\u00e4hig. Ergebnisse aus dem Projekt flie\u00dfen in die Raspberry Pi Sch\u00fclerworkshops an der Hochschule Niederrhein ein und bilden den motivationalen Rahmen f\u00fcr den Girls Day 2018 des Fachbereichs Wirtschaftswissenschaften (Wirtschaftsinformatik).<\/p>\n<p><strong>Stand 17.12.2023: Das Projekt ist beendet. Das Beobachtungssystem ist mittlerweile an vielen Stellen installiert und l\u00e4sst sich einfach nachbauen.<\/strong><\/p>\n<p>Die Brutsaison 2019 hat begonnen. <a href=\"https:\/\/cbrell.de\/blog\/brutsaison-2019-digitale-naturbeobachtung\/\">Hier geht es zur Dokumentation https:\/\/cbrell.de\/blog\/brutsaison-2019-digitale-naturbeobachtung\/.<\/a><\/p>\n<p>Mit dem Vorhaben #biene40 (<a href=\"https:\/\/twitter.com\/hashtag\/biene40\" target=\"_blank\" rel=\"noopener noreferrer\">https:\/\/twitter.com\/hashtag\/biene40<\/a>) wollen wir an der Hochschule Niederrhein das Projekt um anwendungsbezogene Forschung um Honigbienen, Hummeln und Wildbienen mit Digitalisierung weiterf\u00fchren. UPDATE 2023: Das Projekt wird erfolgreich durchgef\u00fchrt und vom BMEL gef\u00f6rdert:<a href=\"http:\/\/bieneviernull.de\"> http:\/\/bieneviernull.de<\/a><\/p>\n<p>Aktuelle <a href=\"https:\/\/cbrell.de\/naturwatch\/selbstbau-anleitung-projektstand\/\">Bauanleitungen finden Sie in der \u00dcbersicht: https:\/\/cbrell.de\/naturwatch\/selbstbau-anleitung-projektstand\/<\/a><\/p>\n<p>Der im Rahmen des Projektes entwickelte Bausatz ist geeignet, H\u00f6hlenbr\u00fctern wie Kohlmeisen oder Kleiber eine Nistgelegenheit zu geben und sie beim Br\u00fcten zu beobachten. Die Technik kann aber leicht an andere Beobachtungssituationen angepasst werden. Aktuell werden Vorversuche mit einer Nisthilfe f\u00fcr Erdhummeln entwickelt und erprobt. Eine Herausforderung stellt die Beobachtung unter Wasser (Fische, Amphibien, Libellenlarven&#8230;) dar, die in einem Folgeprojekt mit Unterwasserrobotern angenommen werden soll..<\/p>\n<p>naturWatch HN ist ein Projekt der Hochschule Niederrhein mit den Partnern<\/p>\n<ul>\n<li>Astrid Lindgren Schule, Willich-Schiefbahn,<\/li>\n<li>Hegering Vorst,<\/li>\n<li>Bisch\u00f6fliche Marienschule M\u00f6nchengladbach,<\/li>\n<li>Justizvollzugsanstalt Willich.<\/li>\n<\/ul>\n<p>Die Justizvollzugsanstalt hilft mit ihrer Schreinerei bei der Entwicklung des eigentlichen Nistkastens. Die Prototypen werden aus Seekiefernsperrholz gefertigt. Mittlerweile kann man den Standardnistkasten nach Anleitung selber bauen oder bei der JVA anfertigen lassen. Die Elektronikkomponenten basieren auf dem Raspberry Pi und der Raspberry Pi Infrarotamera. Eine gro\u00dfe Herausforderung ist die autarke Energieversogung mit Solarzellen und Akku. An das Projekt sind mehrere studentische Arbeiten gekoppelt. Somit ist ein dritter Outcome des Projektes der Transfer zur\u00fcck in die Hochschullehre.<\/p>\n<p>&nbsp;<\/p>\n<p>Das Projekt wurde von der Heinz Sielmann Stiftung (<a href=\"https:\/\/www.sielmann-stiftung.de\/\">https:\/\/www.sielmann-stiftung.de\/<\/a>) gef\u00f6rdert und von der\u00a0Telekom mit einer Spende unterst\u00fctzt.<\/p>\n<h2><strong>Projektstand<\/strong><\/h2>\n<ol>\n<li>Stand: 11.03.2019:<\/li>\n<li>Formal ist das Projekt seit August 2018 beendet. Aus dem Projekt haben sich Schulkooperationen und Folgeprojekte ergeben. Mit Hilfe von Studierenden werden die Projektergebnisse verstetigt.<\/li>\n<li>Die Beobachtungen &#8222;Brutsaison 2019&#8220; sind gestartet.<br \/>\n<a href=\"http:\/\/cbrell.de\/naturwatchcam\/\">http:\/\/cbrell.de\/naturwatchcam\/<\/a><\/li>\n<li>Die Beobachtungen &#8222;Brutsaison 2018&#8220; sind abgeschlossen.<\/li>\n<li>Eine vereinfachte Variante der <strong>Bild-Hochlade-Skripte<\/strong> ist online.<\/li>\n<li>Die <strong>Temperaturmessung<\/strong> wird mittlerweile in einem Bienenstock getestet. Das sich daraus ergebnes Folgevorhaben firmiert unter #biene40.<br \/>\n<a href=\"http:\/\/cbrell.de\/biene40\/\">http:\/\/cbrell.de\/biene40\/<\/a><\/li>\n<li>Die <strong>Prototypen f\u00fcr Vogelnistkasten<\/strong> &#8222;einfach&#8220; und &#8222;Vogelnistkasten luxus&#8220; wurden erfolgreich getestet. In mehreren Nistk\u00e4sten wurden \u00fcber 60.000 Einzelfotos aufgenommen. Aus den Erfahrungen wird der Nistkasten einfach empfohlen.<\/li>\n<li>Ein <strong>Prototyp f\u00fcr eine Erdhummelnisthilfe<\/strong> auf Basis eines Gasbeton-Kastens wurde eingebaut, leider im Sommer 2018 von keiner Hummel angenommen. Mitte Februar 2019 ist ein neuer Versuch gestartet.<\/li>\n<li>Die <strong>autarke Energieversorgung<\/strong> (Im Prototypen auf dem Campus der Hochschule Niederrhein in M\u00f6nchengladbach) hat ihren Test in der Brutsaison 2018 erfolgreich bestanden. Das Gesamtsystem reagiert\u00a0 robust auf Stromausfall und verh\u00e4lt sich resilient, hei\u00dft, startet wieder, wenn gen\u00fcgend Sonnenenergie da ist.<\/li>\n<\/ol>\n<h2><strong>Bauanleitungen<\/strong><\/h2>\n<p>Bauanleitung f\u00fcr den Nistkasten einfach:<br \/>\n<a href=\"https:\/\/cbrell.de\/blog\/bauanleitung-video-nistkasten-fuer-hoehlenbrueter\/\">https:\/\/cbrell.de\/blog\/bauanleitung-video-nistkasten-fuer-hoehlenbrueter\/<\/a><\/p>\n<p><a href=\"https:\/\/cbrell.de\/naturwatch\/picam-einfaches-system-fuer-den-ersten-test-einer-webbasierten-raspberry-pi-kamera-naturwatch-lite\/\">Anleitung: Skripte f\u00fcr das einfache Hochladen von Bilder nim dem Raspberry Pi.<\/a><\/p>\n<p><a href=\"https:\/\/cbrell.de\/naturwatch\/bauanleitung-fuer-eine-adaptive-ir-tageslicht-nistkastenbeleuchtung\/\">Bauanleitung f\u00fcr eine adaptive Infrarotbeleuchtung.<\/a><\/p>\n<p><a href=\"https:\/\/cbrell.de\/naturwatch\/unterirdische-nisthilfe-fuer-hummeln-prototyp-in-entwicklung\/\">Bauanleitung (Prototyp) Nisthilfe f\u00fcr Erdhummeln.<\/a><\/p>\n<p>Bauanleitung f\u00fcr einen mobilen Hummelnistkasten, Test in 2019<br \/>\n<a href=\"https:\/\/cbrell.de\/blog\/hummelnistkasten-2019\/\">https:\/\/cbrell.de\/blog\/hummelnistkasten-2019\/\u00a0<\/a><\/p>\n<p>Bauanleitung f\u00fcr einen Hummelnistkasten aus einen Standard-MiniPlus-Beute<br \/>\n<a href=\"https:\/\/cbrell.de\/blog\/hummelnistkasten-aus-miniplus-beute-bauen\/\">https:\/\/cbrell.de\/blog\/hummelnistkasten-aus-miniplus-beute-bauen\/<\/a><\/p>\n<p>&nbsp;<\/p>\n<p>Prof. Dr. Claus Brell, claus.brell@hsnr.de<\/p>\n<p>&nbsp;<\/p>\n<p><img decoding=\"async\" src=\"https:\/\/cbrell.de\/zaehler?x=7268\" \/><\/p>\n<div class=\"shariff shariff-align-flex-start shariff-widget-align-flex-start\" data-services=\"facebook\" data-url=\"https%3A%2F%2Fcbrell.de%2Fblog%2Fdas-ist-naturwatch%2F\" data-timestamp=\"1702850109\" data-backendurl=\"https:\/\/cbrell.de\/blog\/wp-json\/shariff\/v1\/share_counts?\"><div class=\"ShariffHeadline\">Teile diesen Beitrag.<\/div><ul class=\"shariff-buttons theme-round orientation-horizontal buttonsize-medium\"><li class=\"shariff-button twitter shariff-nocustomcolor\" style=\"background-color:#32bbf5\"><a href=\"https:\/\/twitter.com\/share?url=https%3A%2F%2Fcbrell.de%2Fblog%2Fdas-ist-naturwatch%2F&text=Das%20ist%20naturWatch.HN\" title=\"Bei Twitter teilen\" aria-label=\"Bei Twitter teilen\" role=\"button\" rel=\"noopener nofollow\" class=\"shariff-link\" style=\"; background-color:#55acee; color:#fff\" target=\"_blank\"><span class=\"shariff-icon\" style=\"\"><svg width=\"32px\" height=\"20px\" xmlns=\"http:\/\/www.w3.org\/2000\/svg\" viewBox=\"0 0 30 32\"><path fill=\"#55acee\" d=\"M29.7 6.8q-1.2 1.8-3 3.1 0 0.3 0 0.8 0 2.5-0.7 4.9t-2.2 4.7-3.5 4-4.9 2.8-6.1 1q-5.1 0-9.3-2.7 0.6 0.1 1.5 0.1 4.3 0 7.6-2.6-2-0.1-3.5-1.2t-2.2-3q0.6 0.1 1.1 0.1 0.8 0 1.6-0.2-2.1-0.4-3.5-2.1t-1.4-3.9v-0.1q1.3 0.7 2.8 0.8-1.2-0.8-2-2.2t-0.7-2.9q0-1.7 0.8-3.1 2.3 2.8 5.5 4.5t7 1.9q-0.2-0.7-0.2-1.4 0-2.5 1.8-4.3t4.3-1.8q2.7 0 4.5 1.9 2.1-0.4 3.9-1.5-0.7 2.2-2.7 3.4 1.8-0.2 3.5-0.9z\"\/><\/svg><\/span><\/a><\/li><li class=\"shariff-button facebook shariff-nocustomcolor\" style=\"background-color:#4273c8\"><a href=\"https:\/\/www.facebook.com\/sharer\/sharer.php?u=https%3A%2F%2Fcbrell.de%2Fblog%2Fdas-ist-naturwatch%2F\" title=\"Bei Facebook teilen\" aria-label=\"Bei Facebook teilen\" role=\"button\" rel=\"nofollow\" class=\"shariff-link\" style=\"; background-color:#3b5998; color:#fff\" target=\"_blank\"><span class=\"shariff-icon\" style=\"\"><svg width=\"32px\" height=\"20px\" xmlns=\"http:\/\/www.w3.org\/2000\/svg\" viewBox=\"0 0 18 32\"><path fill=\"#3b5998\" d=\"M17.1 0.2v4.7h-2.8q-1.5 0-2.1 0.6t-0.5 1.9v3.4h5.2l-0.7 5.3h-4.5v13.6h-5.5v-13.6h-4.5v-5.3h4.5v-3.9q0-3.3 1.9-5.2t5-1.8q2.6 0 4.1 0.2z\"\/><\/svg><\/span><\/a><\/li><li class=\"shariff-button linkedin shariff-nocustomcolor\" style=\"background-color:#1488bf\"><a href=\"https:\/\/www.linkedin.com\/sharing\/share-offsite\/?url=https%3A%2F%2Fcbrell.de%2Fblog%2Fdas-ist-naturwatch%2F\" title=\"Bei LinkedIn teilen\" aria-label=\"Bei LinkedIn teilen\" role=\"button\" rel=\"noopener nofollow\" class=\"shariff-link\" style=\"; background-color:#0077b5; color:#fff\" target=\"_blank\"><span class=\"shariff-icon\" style=\"\"><svg width=\"32px\" height=\"20px\" xmlns=\"http:\/\/www.w3.org\/2000\/svg\" viewBox=\"0 0 27 32\"><path fill=\"#0077b5\" d=\"M6.2 11.2v17.7h-5.9v-17.7h5.9zM6.6 5.7q0 1.3-0.9 2.2t-2.4 0.9h0q-1.5 0-2.4-0.9t-0.9-2.2 0.9-2.2 2.4-0.9 2.4 0.9 0.9 2.2zM27.4 18.7v10.1h-5.9v-9.5q0-1.9-0.7-2.9t-2.3-1.1q-1.1 0-1.9 0.6t-1.2 1.5q-0.2 0.5-0.2 1.4v9.9h-5.9q0-7.1 0-11.6t0-5.3l0-0.9h5.9v2.6h0q0.4-0.6 0.7-1t1-0.9 1.6-0.8 2-0.3q3 0 4.9 2t1.9 6z\"\/><\/svg><\/span><\/a><\/li><\/ul><\/div>","protected":false},"excerpt":{"rendered":"<p>Ziel.\u00a0 naturWatch HN entwickelt einen Bausatz f\u00fcr die internetgest\u00fctzte, autarke Naturbeobachtung, der von jedem mit Heimwerkerkenntnissen f\u00fcr unter 300 Euro Materialkosten aufgebaut werden kann. Mit den Beobachtungsm\u00f6glichkeiten soll im Anschluss &#8230;<\/p>\n","protected":false},"author":1,"featured_media":0,"parent":0,"menu_order":0,"comment_status":"closed","ping_status":"open","template":"","meta":{"footnotes":""},"class_list":["post-2","page","type-page","status-publish","hentry"],"yoast_head":"<!-- This site is optimized with the Yoast SEO plugin v27.3 - https:\/\/yoast.com\/product\/yoast-seo-wordpress\/ -->\n<title>Das ist naturWatch.HN - Bienen, Natur und Internet of Things<\/title>\n<meta name=\"robots\" content=\"index, follow, max-snippet:-1, max-image-preview:large, max-video-preview:-1\" \/>\n<link rel=\"canonical\" href=\"https:\/\/cbrell.de\/blog\/das-ist-naturwatch\/\" \/>\n<meta property=\"og:locale\" content=\"de_DE\" \/>\n<meta property=\"og:type\" content=\"article\" \/>\n<meta property=\"og:title\" content=\"Das ist naturWatch.HN - Bienen, Natur und Internet of Things\" \/>\n<meta property=\"og:description\" content=\"Ziel.\u00a0 naturWatch HN entwickelt einen Bausatz f\u00fcr die internetgest\u00fctzte, autarke Naturbeobachtung, der von jedem mit Heimwerkerkenntnissen f\u00fcr unter 300 Euro Materialkosten aufgebaut werden kann. Mit den Beobachtungsm\u00f6glichkeiten soll im Anschluss ...\" \/>\n<meta property=\"og:url\" content=\"https:\/\/cbrell.de\/blog\/das-ist-naturwatch\/\" \/>\n<meta property=\"og:site_name\" content=\"Bienen, Natur und Internet of Things\" \/>\n<meta property=\"article:modified_time\" content=\"2023-12-17T20:55:09+00:00\" \/>\n<meta property=\"og:image\" content=\"https:\/\/cbrell.de\/zaehler\" \/>\n<meta name=\"twitter:card\" content=\"summary_large_image\" \/>\n<meta name=\"twitter:site\" content=\"@clausbrell\" \/>\n<meta name=\"twitter:label1\" content=\"Gesch\u00e4tzte Lesezeit\" \/>\n\t<meta name=\"twitter:data1\" content=\"4\u00a0Minuten\" \/>\n<script type=\"application\/ld+json\" class=\"yoast-schema-graph\">{\"@context\":\"https:\\\/\\\/schema.org\",\"@graph\":[{\"@type\":\"WebPage\",\"@id\":\"https:\\\/\\\/cbrell.de\\\/blog\\\/das-ist-naturwatch\\\/\",\"url\":\"https:\\\/\\\/cbrell.de\\\/blog\\\/das-ist-naturwatch\\\/\",\"name\":\"Das ist naturWatch.HN - Bienen, Natur und Internet of Things\",\"isPartOf\":{\"@id\":\"https:\\\/\\\/cbrell.de\\\/blog\\\/#website\"},\"primaryImageOfPage\":{\"@id\":\"https:\\\/\\\/cbrell.de\\\/blog\\\/das-ist-naturwatch\\\/#primaryimage\"},\"image\":{\"@id\":\"https:\\\/\\\/cbrell.de\\\/blog\\\/das-ist-naturwatch\\\/#primaryimage\"},\"thumbnailUrl\":\"https:\\\/\\\/cbrell.de\\\/zaehler\",\"datePublished\":\"2015-12-22T06:07:04+00:00\",\"dateModified\":\"2023-12-17T20:55:09+00:00\",\"breadcrumb\":{\"@id\":\"https:\\\/\\\/cbrell.de\\\/blog\\\/das-ist-naturwatch\\\/#breadcrumb\"},\"inLanguage\":\"de\",\"potentialAction\":[{\"@type\":\"ReadAction\",\"target\":[\"https:\\\/\\\/cbrell.de\\\/blog\\\/das-ist-naturwatch\\\/\"]}]},{\"@type\":\"ImageObject\",\"inLanguage\":\"de\",\"@id\":\"https:\\\/\\\/cbrell.de\\\/blog\\\/das-ist-naturwatch\\\/#primaryimage\",\"url\":\"https:\\\/\\\/cbrell.de\\\/zaehler\",\"contentUrl\":\"https:\\\/\\\/cbrell.de\\\/zaehler\"},{\"@type\":\"BreadcrumbList\",\"@id\":\"https:\\\/\\\/cbrell.de\\\/blog\\\/das-ist-naturwatch\\\/#breadcrumb\",\"itemListElement\":[{\"@type\":\"ListItem\",\"position\":1,\"name\":\"Startseite\",\"item\":\"https:\\\/\\\/cbrell.de\\\/blog\\\/\"},{\"@type\":\"ListItem\",\"position\":2,\"name\":\"Das ist naturWatch.HN\"}]},{\"@type\":\"WebSite\",\"@id\":\"https:\\\/\\\/cbrell.de\\\/blog\\\/#website\",\"url\":\"https:\\\/\\\/cbrell.de\\\/blog\\\/\",\"name\":\"Bienen, Natur und Internet of Things\",\"description\":\"Alles, was einfach ist. Von Claus Brell\",\"potentialAction\":[{\"@type\":\"SearchAction\",\"target\":{\"@type\":\"EntryPoint\",\"urlTemplate\":\"https:\\\/\\\/cbrell.de\\\/blog\\\/?s={search_term_string}\"},\"query-input\":{\"@type\":\"PropertyValueSpecification\",\"valueRequired\":true,\"valueName\":\"search_term_string\"}}],\"inLanguage\":\"de\"}]}<\/script>\n<!-- \/ Yoast SEO plugin. -->","yoast_head_json":{"title":"Das ist naturWatch.HN - Bienen, Natur und Internet of Things","robots":{"index":"index","follow":"follow","max-snippet":"max-snippet:-1","max-image-preview":"max-image-preview:large","max-video-preview":"max-video-preview:-1"},"canonical":"https:\/\/cbrell.de\/blog\/das-ist-naturwatch\/","og_locale":"de_DE","og_type":"article","og_title":"Das ist naturWatch.HN - Bienen, Natur und Internet of Things","og_description":"Ziel.\u00a0 naturWatch HN entwickelt einen Bausatz f\u00fcr die internetgest\u00fctzte, autarke Naturbeobachtung, der von jedem mit Heimwerkerkenntnissen f\u00fcr unter 300 Euro Materialkosten aufgebaut werden kann. Mit den Beobachtungsm\u00f6glichkeiten soll im Anschluss ...","og_url":"https:\/\/cbrell.de\/blog\/das-ist-naturwatch\/","og_site_name":"Bienen, Natur und Internet of Things","article_modified_time":"2023-12-17T20:55:09+00:00","og_image":[{"url":"https:\/\/cbrell.de\/zaehler","type":"","width":"","height":""}],"twitter_card":"summary_large_image","twitter_site":"@clausbrell","twitter_misc":{"Gesch\u00e4tzte Lesezeit":"4\u00a0Minuten"},"schema":{"@context":"https:\/\/schema.org","@graph":[{"@type":"WebPage","@id":"https:\/\/cbrell.de\/blog\/das-ist-naturwatch\/","url":"https:\/\/cbrell.de\/blog\/das-ist-naturwatch\/","name":"Das ist naturWatch.HN - Bienen, Natur und Internet of Things","isPartOf":{"@id":"https:\/\/cbrell.de\/blog\/#website"},"primaryImageOfPage":{"@id":"https:\/\/cbrell.de\/blog\/das-ist-naturwatch\/#primaryimage"},"image":{"@id":"https:\/\/cbrell.de\/blog\/das-ist-naturwatch\/#primaryimage"},"thumbnailUrl":"https:\/\/cbrell.de\/zaehler","datePublished":"2015-12-22T06:07:04+00:00","dateModified":"2023-12-17T20:55:09+00:00","breadcrumb":{"@id":"https:\/\/cbrell.de\/blog\/das-ist-naturwatch\/#breadcrumb"},"inLanguage":"de","potentialAction":[{"@type":"ReadAction","target":["https:\/\/cbrell.de\/blog\/das-ist-naturwatch\/"]}]},{"@type":"ImageObject","inLanguage":"de","@id":"https:\/\/cbrell.de\/blog\/das-ist-naturwatch\/#primaryimage","url":"https:\/\/cbrell.de\/zaehler","contentUrl":"https:\/\/cbrell.de\/zaehler"},{"@type":"BreadcrumbList","@id":"https:\/\/cbrell.de\/blog\/das-ist-naturwatch\/#breadcrumb","itemListElement":[{"@type":"ListItem","position":1,"name":"Startseite","item":"https:\/\/cbrell.de\/blog\/"},{"@type":"ListItem","position":2,"name":"Das ist naturWatch.HN"}]},{"@type":"WebSite","@id":"https:\/\/cbrell.de\/blog\/#website","url":"https:\/\/cbrell.de\/blog\/","name":"Bienen, Natur und Internet of Things","description":"Alles, was einfach ist. Von Claus Brell","potentialAction":[{"@type":"SearchAction","target":{"@type":"EntryPoint","urlTemplate":"https:\/\/cbrell.de\/blog\/?s={search_term_string}"},"query-input":{"@type":"PropertyValueSpecification","valueRequired":true,"valueName":"search_term_string"}}],"inLanguage":"de"}]}},"_links":{"self":[{"href":"https:\/\/cbrell.de\/blog\/wp-json\/wp\/v2\/pages\/2","targetHints":{"allow":["GET"]}}],"collection":[{"href":"https:\/\/cbrell.de\/blog\/wp-json\/wp\/v2\/pages"}],"about":[{"href":"https:\/\/cbrell.de\/blog\/wp-json\/wp\/v2\/types\/page"}],"author":[{"embeddable":true,"href":"https:\/\/cbrell.de\/blog\/wp-json\/wp\/v2\/users\/1"}],"replies":[{"embeddable":true,"href":"https:\/\/cbrell.de\/blog\/wp-json\/wp\/v2\/comments?post=2"}],"version-history":[{"count":3,"href":"https:\/\/cbrell.de\/blog\/wp-json\/wp\/v2\/pages\/2\/revisions"}],"predecessor-version":[{"id":4043,"href":"https:\/\/cbrell.de\/blog\/wp-json\/wp\/v2\/pages\/2\/revisions\/4043"}],"wp:attachment":[{"href":"https:\/\/cbrell.de\/blog\/wp-json\/wp\/v2\/media?parent=2"}],"curies":[{"name":"wp","href":"https:\/\/api.w.org\/{rel}","templated":true}]}}