{"id":143,"date":"2018-05-19T14:11:16","date_gmt":"2018-05-19T12:11:16","guid":{"rendered":"https:\/\/cbrell.de\/blog\/?page_id=143"},"modified":"2022-11-06T23:28:10","modified_gmt":"2022-11-06T22:28:10","slug":"datenschutzerklaerung","status":"publish","type":"page","link":"https:\/\/cbrell.de\/blog\/datenschutzerklaerung\/","title":{"rendered":"Datenschutzerkl\u00e4rung"},"content":{"rendered":"<p><strong>Angaben zur Erf\u00fcllung der Anspr\u00fcche aus der DSGVO<\/strong><\/p>\n<p><strong>Was ist das Ziel?<\/strong><\/p>\n<p>Die Adresse dieser Website ist: https:\/\/cbrell.de\/blog.<\/p>\n<p>Verantwortlich ist Prof. Dr. Claus Brell (siehe Impressum).<\/p>\n<p>Ziel dieser Seite ist, Informationen zu den Themen Gamification und IoT sowie Bienenhaltung einem gro\u00dfen interessierten Personenkreis zur Verf\u00fcgung zu stellen. Diese Seite verfolgt keine prim\u00e4r kommerziellen Interessen.<\/p>\n<p style=\"margin: 0cm; margin-bottom: .0001pt;\"><span style=\"font-size: 11.0pt; font-family: Arial;\">Der Autor dieser Seiten nimmt Ihren Datenschutz ernst und behandelt Ihre personenbezogenen Daten vertraulich und entsprechend der gesetzlichen Vorschriften. Da durch neue Technologien und die st\u00e4ndige Weiterentwicklung dieser Webseite \u00c4nderungen an dieser Datenschutzerkl\u00e4rung vorgenommen werden k\u00f6nnen, wird empfohlen, sich diese Datenschutzerkl\u00e4rung in regelm\u00e4\u00dfigen Abst\u00e4nden durchzulesen.<\/span><\/p>\n<p style=\"margin: 0cm; margin-bottom: .0001pt;\"><span style=\"font-size: 11.0pt; font-family: Arial;\">\u00a0<\/span><\/p>\n<p style=\"margin: 0cm; margin-bottom: .0001pt;\"><span style=\"font-size: 11.0pt; font-family: Arial;\">Definitionen der verwendeten Begriffe (z.B. \u201cpersonenbezogene Daten\u201d oder \u201cVerarbeitung\u201d) finden Sie in Art. 4 DSGVO.<\/span><\/p>\n<p>&nbsp;<\/p>\n<p><strong>Welche personenbezogenen Daten werden gesammelt und warum warum werden Sie gesammelt?<\/strong><\/p>\n<p>Es werden durch diese Website personenbezogene bzw. personenbeziehbare Daten gesammelt durch die<\/p>\n<ul>\n<li>Kommentarfunktion<\/li>\n<li>Z\u00e4hlverfahren der VG Wort<\/li>\n<\/ul>\n<p>Dieses Angebot wird auf Infrastruktur von Domainfactory gehostet. Domainfactory setzt den Apache Webserver ein, der im Standard Ihre IP-Adresse beim Zugriff speichert. Die Serverlogs werden durch den Betreiber dieser Website nicht weiterverarbeitet.<\/p>\n<p>&nbsp;<\/p>\n<p><strong>Kommentare (derzeit deaktiviert)<\/strong><\/p>\n<p>Aufgrund der noch nicht ganz gekl\u00e4rten Rechssituation werden ab dem 20.05.2018 keine Kommentare mehr zugelassen. Gerne \u00fcbernehme ich Ihre Kommentare auf diese Seiten, bitte senden Sie mir Ihren Kommentar via Mail (Impressum) inklusive Ihrer Einverst\u00e4ndniserkl\u00e4rung zu Ver\u00f6ffentlichung. Folgender kursiv gesetzter Text gilt, sobald Kommentare wieder zugelassen sind:<\/p>\n<p><em>Wenn Besucher Kommentare auf der Website schreiben, werden die Daten, die im Kommentar-Formular angezeigt werden, au\u00dferdem die IP-Adresse des Besuchers und den User-Agent-String (damit wird der Browser identifiziert), um die Erkennung von Spam zu unterst\u00fctzen, gesammelt.<\/em><\/p>\n<p><em>Aus der E-Mail-Adresse k\u00f6nnte eine anonymisierte Zeichenfolge erstellt (auch Hash genannt) und dem Gravatar-Dienst \u00fcbergeben werden, um zu pr\u00fcfen, ob Sie diesen benutzten. Die Datenschutzerkl\u00e4rung des Gravatar-Dienstes findeen Sie hier: https:\/\/automattic.com\/privacy\/. Nachdem der Kommentar freigegeben wurde, ist ggf. das Profilbild \u00f6ffentlich im Kontext des Kommentars sichtbar.<\/em><\/p>\n<p><strong><em>Cookies<\/em><\/strong><\/p>\n<p><em>Wenn Sie einen Kommentar auf der Website schreiben, kann das eine Einwilligung sein, Namen, E-Mail-Adresse und Website in Cookies zu speichern. Dies ist eine Komfortfunktion, damit Sie nicht, wenn Sie einen weiteren Kommentar schreiban, all diese Daten erneut eingeben m\u00fcssen. Diese Cookies werden ein Jahr lang gespeichert.<\/em><\/p>\n<p><strong><em>Konten<\/em><\/strong><\/p>\n<p><em>Es werden keine Konten auf diesen Seiten zugelassen.<\/em><\/p>\n<p><strong><em>Wie lange werden Kommentardaten gespeichert?<\/em><\/strong><\/p>\n<p><em>Wenn Sie einen Kommentar schreiben, wird dieser inklusive Metadaten zeitlich unbegrenzt gespeichert. Auf diese Art k\u00f6nnen Folgekommentare automatisch erkannt und freigeben werden, anstelle sie in einer Moderations-Warteschlange festzuhalten.<\/em><\/p>\n<p><em>Es besteht keine M\u00f6glichkeit, sich zu registrieren.<\/em><\/p>\n<p><strong><em>Welche Rechte bestehen an Ihren personenbeziehbaren gespeicherten Daten<\/em><\/strong><\/p>\n<p><em>Wenn Sie bereits Kommentare geschrieben haben, k\u00f6nnen Sie hier\u00fcber Auskunft anfordern. Dar\u00fcber k\u00f6nnen Sie die L\u00f6schung aller personenbezogenen Daten, die wir von Ihnen gespeichert haben, anfordern. Dies umfasst nicht die Daten, die wir aufgrund administrativer, rechtlicher oder sicherheitsrelevanter Notwendigkeiten aufbewahren m\u00fcssen.<\/em><\/p>\n<p><strong><em>Wohin werden\u00a0 Daten gesendet?<\/em><\/strong><\/p>\n<p><em>Besucher-Kommentare k\u00f6nnten von einem automatisierten Dienst zur Spam-Erkennung untersucht werden.<\/em><\/p>\n<h3>Eingebettete Inhalte von anderen Websites<\/h3>\n<p>Beitr\u00e4ge auf dieser Website k\u00f6nnen eingebettete Inhalte beinhalten (z.\u00a0B. Videos, Bilder, Beitr\u00e4ge etc.). Eingebettete Inhalte von anderen Websites verhalten sich exakt so, als ob Sie die andere Website besucht h\u00e4tten.<\/p>\n<p>Diese Websites k\u00f6nnen Daten sammeln, Cookies benutzen, zus\u00e4tzliche Tracking-Dienste von Dritten einbetten und Ihre Interaktion mit diesem eingebetteten Inhalt aufzeichnen, inklusive der Interaktion mit dem eingebetteten Inhalt, falls Sie ein Konto haben und auf dieser Website angemeldet sind.<\/p>\n<p><strong>Datenweitergabe an Dritte:<\/strong><\/p>\n<p>Diese Seiten geben grunds\u00e4tzlich keine Daten an Dritte weiter (Ausnahme: VG Wort, siehe weiter unten)<\/p>\n<p><strong>VG Wort<\/strong><\/p>\n<p><strong>Cookies und Meldungen zu Zugriffszahlen an die VG Wort<\/strong><\/p>\n<p>Diese Seite setzt \u201eSession-Cookies\u201c der VG Wort, M\u00fcnchen, zur Messung von Zugriffen auf Texten ein, um die Kopierwahrscheinlichkeit zu erfassen. Session-Cookies sind kleine Informationseinheiten, die ein Anbieter im Arbeitsspeicher des Computers des Besuchers speichert. In einem Session-Cookie wird eine zuf\u00e4llig erzeugte eindeutige Identifikationsnummer abgelegt, eine sogenannte Session-ID. Au\u00dferdem enth\u00e4lt ein Cookie die Angabe \u00fcber seine Herkunft und die Speicherfrist. Session-Cookies k\u00f6nnen keine anderen Daten speichern. Diese Messungen werden von der INFOnline GmbH nach dem Skalierbaren Zentralen Messverfahren (SZM) durchgef\u00fchrt. Sie helfen dabei, die Kopierwahrscheinlichkeit einzelner Texte zur Verg\u00fctung von gesetzlichen Anspr\u00fcchen von Autoren und Verlagen zu ermitteln. Es werden keine personenbezogenen Daten \u00fcber Cookies erfasst.<\/p>\n<p>Viele Seiten sind mit JavaScript-Aufrufen versehen, \u00fcber die die Zugriffe an die Verwertungsgesellschaft Wort (VG Wort) gemeldet werden. Damit partizipiert ein Autor an den Aussch\u00fcttungen der VG Wort, die die gesetzliche Verg\u00fctung f\u00fcr die Nutzungen urheberrechtlich gesch\u00fctzter Werke gem. \u00a7 53 UrhG sicherstellen.<\/p>\n<p>Eine Nutzung dieser Seiten ist auch ohne Cookies m\u00f6glich. Die meisten Browser sind so eingestellt, dass sie Cookies automatisch akzeptieren. Sie k\u00f6nnen das Speichern von Cookies jedoch deaktivieren oder Ihren Browser so einstellen, dass er Sie benachrichtigt, sobald Cookies gesendet werden.<\/p>\n<p><strong>Datenschutzerkl\u00e4rung zur Nutzung des Skalierbaren Zentralen Messverfahrens f\u00fcr die VG Wort<\/strong><\/p>\n<p>Diese Seiten nutzen das \u201eSkalierbare Zentrale Messverfahren\u201c (SZM) der INFOnline GmbH (https:\/\/www.infonline.de) f\u00fcr die Ermittlung statistischer Kennwerte zur Ermittlung der Kopierwahrscheinlichkeit von Texten.<\/p>\n<p><img decoding=\"async\" src=\"https:\/\/cbrell.de\/zaehler?x=6808\" \/><\/p>\n<div class=\"shariff shariff-align-flex-start shariff-widget-align-flex-start\" data-services=\"facebook\" data-url=\"https%3A%2F%2Fcbrell.de%2Fblog%2Fdatenschutzerklaerung%2F\" data-timestamp=\"1667777290\" data-backendurl=\"https:\/\/cbrell.de\/blog\/wp-json\/shariff\/v1\/share_counts?\"><div class=\"ShariffHeadline\">Teile diesen Beitrag.<\/div><ul class=\"shariff-buttons theme-round orientation-horizontal buttonsize-medium\"><li class=\"shariff-button twitter shariff-nocustomcolor\" style=\"background-color:#32bbf5\"><a href=\"https:\/\/twitter.com\/share?url=https%3A%2F%2Fcbrell.de%2Fblog%2Fdatenschutzerklaerung%2F&text=Datenschutzerkl%C3%A4rung\" title=\"Bei Twitter teilen\" aria-label=\"Bei Twitter teilen\" role=\"button\" rel=\"noopener nofollow\" class=\"shariff-link\" style=\"; background-color:#55acee; color:#fff\" target=\"_blank\"><span class=\"shariff-icon\" style=\"\"><svg width=\"32px\" height=\"20px\" xmlns=\"http:\/\/www.w3.org\/2000\/svg\" viewBox=\"0 0 30 32\"><path fill=\"#55acee\" d=\"M29.7 6.8q-1.2 1.8-3 3.1 0 0.3 0 0.8 0 2.5-0.7 4.9t-2.2 4.7-3.5 4-4.9 2.8-6.1 1q-5.1 0-9.3-2.7 0.6 0.1 1.5 0.1 4.3 0 7.6-2.6-2-0.1-3.5-1.2t-2.2-3q0.6 0.1 1.1 0.1 0.8 0 1.6-0.2-2.1-0.4-3.5-2.1t-1.4-3.9v-0.1q1.3 0.7 2.8 0.8-1.2-0.8-2-2.2t-0.7-2.9q0-1.7 0.8-3.1 2.3 2.8 5.5 4.5t7 1.9q-0.2-0.7-0.2-1.4 0-2.5 1.8-4.3t4.3-1.8q2.7 0 4.5 1.9 2.1-0.4 3.9-1.5-0.7 2.2-2.7 3.4 1.8-0.2 3.5-0.9z\"\/><\/svg><\/span><\/a><\/li><li class=\"shariff-button facebook shariff-nocustomcolor\" style=\"background-color:#4273c8\"><a href=\"https:\/\/www.facebook.com\/sharer\/sharer.php?u=https%3A%2F%2Fcbrell.de%2Fblog%2Fdatenschutzerklaerung%2F\" title=\"Bei Facebook teilen\" aria-label=\"Bei Facebook teilen\" role=\"button\" rel=\"nofollow\" class=\"shariff-link\" style=\"; background-color:#3b5998; color:#fff\" target=\"_blank\"><span class=\"shariff-icon\" style=\"\"><svg width=\"32px\" height=\"20px\" xmlns=\"http:\/\/www.w3.org\/2000\/svg\" viewBox=\"0 0 18 32\"><path fill=\"#3b5998\" d=\"M17.1 0.2v4.7h-2.8q-1.5 0-2.1 0.6t-0.5 1.9v3.4h5.2l-0.7 5.3h-4.5v13.6h-5.5v-13.6h-4.5v-5.3h4.5v-3.9q0-3.3 1.9-5.2t5-1.8q2.6 0 4.1 0.2z\"\/><\/svg><\/span><\/a><\/li><li class=\"shariff-button linkedin shariff-nocustomcolor\" style=\"background-color:#1488bf\"><a href=\"https:\/\/www.linkedin.com\/sharing\/share-offsite\/?url=https%3A%2F%2Fcbrell.de%2Fblog%2Fdatenschutzerklaerung%2F\" title=\"Bei LinkedIn teilen\" aria-label=\"Bei LinkedIn teilen\" role=\"button\" rel=\"noopener nofollow\" class=\"shariff-link\" style=\"; background-color:#0077b5; color:#fff\" target=\"_blank\"><span class=\"shariff-icon\" style=\"\"><svg width=\"32px\" height=\"20px\" xmlns=\"http:\/\/www.w3.org\/2000\/svg\" viewBox=\"0 0 27 32\"><path fill=\"#0077b5\" d=\"M6.2 11.2v17.7h-5.9v-17.7h5.9zM6.6 5.7q0 1.3-0.9 2.2t-2.4 0.9h0q-1.5 0-2.4-0.9t-0.9-2.2 0.9-2.2 2.4-0.9 2.4 0.9 0.9 2.2zM27.4 18.7v10.1h-5.9v-9.5q0-1.9-0.7-2.9t-2.3-1.1q-1.1 0-1.9 0.6t-1.2 1.5q-0.2 0.5-0.2 1.4v9.9h-5.9q0-7.1 0-11.6t0-5.3l0-0.9h5.9v2.6h0q0.4-0.6 0.7-1t1-0.9 1.6-0.8 2-0.3q3 0 4.9 2t1.9 6z\"\/><\/svg><\/span><\/a><\/li><\/ul><\/div>","protected":false},"excerpt":{"rendered":"<p>Angaben zur Erf\u00fcllung der Anspr\u00fcche aus der DSGVO Was ist das Ziel? Die Adresse dieser Website ist: https:\/\/cbrell.de\/blog. Verantwortlich ist Prof. Dr. Claus Brell (siehe Impressum). Ziel dieser Seite ist, &#8230;<\/p>\n","protected":false},"author":1,"featured_media":0,"parent":0,"menu_order":0,"comment_status":"closed","ping_status":"closed","template":"","meta":{"footnotes":""},"class_list":["post-143","page","type-page","status-publish","hentry"],"yoast_head":"<!-- This site is optimized with the Yoast SEO plugin v27.4 - https:\/\/yoast.com\/product\/yoast-seo-wordpress\/ -->\n<title>Datenschutzerkl\u00e4rung - Bienen, Natur und Internet of Things<\/title>\n<meta name=\"robots\" content=\"index, follow, max-snippet:-1, max-image-preview:large, max-video-preview:-1\" \/>\n<link rel=\"canonical\" href=\"https:\/\/cbrell.de\/blog\/datenschutzerklaerung\/\" \/>\n<meta property=\"og:locale\" content=\"de_DE\" \/>\n<meta property=\"og:type\" content=\"article\" \/>\n<meta property=\"og:title\" content=\"Datenschutzerkl\u00e4rung - Bienen, Natur und Internet of Things\" \/>\n<meta property=\"og:description\" content=\"Angaben zur Erf\u00fcllung der Anspr\u00fcche aus der DSGVO Was ist das Ziel? Die Adresse dieser Website ist: https:\/\/cbrell.de\/blog. Verantwortlich ist Prof. Dr. Claus Brell (siehe Impressum). Ziel dieser Seite ist, ...\" \/>\n<meta property=\"og:url\" content=\"https:\/\/cbrell.de\/blog\/datenschutzerklaerung\/\" \/>\n<meta property=\"og:site_name\" content=\"Bienen, Natur und Internet of Things\" \/>\n<meta property=\"article:modified_time\" content=\"2022-11-06T22:28:10+00:00\" \/>\n<meta property=\"og:image\" content=\"https:\/\/cbrell.de\/zaehler\" \/>\n<meta name=\"twitter:card\" content=\"summary_large_image\" \/>\n<meta name=\"twitter:site\" content=\"@clausbrell\" \/>\n<meta name=\"twitter:label1\" content=\"Gesch\u00e4tzte Lesezeit\" \/>\n\t<meta name=\"twitter:data1\" content=\"5\u00a0Minuten\" \/>\n<script type=\"application\/ld+json\" class=\"yoast-schema-graph\">{\"@context\":\"https:\\\/\\\/schema.org\",\"@graph\":[{\"@type\":\"WebPage\",\"@id\":\"https:\\\/\\\/cbrell.de\\\/blog\\\/datenschutzerklaerung\\\/\",\"url\":\"https:\\\/\\\/cbrell.de\\\/blog\\\/datenschutzerklaerung\\\/\",\"name\":\"Datenschutzerkl\u00e4rung - Bienen, Natur und Internet of Things\",\"isPartOf\":{\"@id\":\"https:\\\/\\\/cbrell.de\\\/blog\\\/#website\"},\"primaryImageOfPage\":{\"@id\":\"https:\\\/\\\/cbrell.de\\\/blog\\\/datenschutzerklaerung\\\/#primaryimage\"},\"image\":{\"@id\":\"https:\\\/\\\/cbrell.de\\\/blog\\\/datenschutzerklaerung\\\/#primaryimage\"},\"thumbnailUrl\":\"https:\\\/\\\/cbrell.de\\\/zaehler\",\"datePublished\":\"2018-05-19T12:11:16+00:00\",\"dateModified\":\"2022-11-06T22:28:10+00:00\",\"breadcrumb\":{\"@id\":\"https:\\\/\\\/cbrell.de\\\/blog\\\/datenschutzerklaerung\\\/#breadcrumb\"},\"inLanguage\":\"de\",\"potentialAction\":[{\"@type\":\"ReadAction\",\"target\":[\"https:\\\/\\\/cbrell.de\\\/blog\\\/datenschutzerklaerung\\\/\"]}]},{\"@type\":\"ImageObject\",\"inLanguage\":\"de\",\"@id\":\"https:\\\/\\\/cbrell.de\\\/blog\\\/datenschutzerklaerung\\\/#primaryimage\",\"url\":\"https:\\\/\\\/cbrell.de\\\/zaehler\",\"contentUrl\":\"https:\\\/\\\/cbrell.de\\\/zaehler\"},{\"@type\":\"BreadcrumbList\",\"@id\":\"https:\\\/\\\/cbrell.de\\\/blog\\\/datenschutzerklaerung\\\/#breadcrumb\",\"itemListElement\":[{\"@type\":\"ListItem\",\"position\":1,\"name\":\"Startseite\",\"item\":\"https:\\\/\\\/cbrell.de\\\/blog\\\/\"},{\"@type\":\"ListItem\",\"position\":2,\"name\":\"Datenschutzerkl\u00e4rung\"}]},{\"@type\":\"WebSite\",\"@id\":\"https:\\\/\\\/cbrell.de\\\/blog\\\/#website\",\"url\":\"https:\\\/\\\/cbrell.de\\\/blog\\\/\",\"name\":\"Bienen, Natur und Internet of Things\",\"description\":\"Alles, was einfach ist. Von Claus Brell\",\"potentialAction\":[{\"@type\":\"SearchAction\",\"target\":{\"@type\":\"EntryPoint\",\"urlTemplate\":\"https:\\\/\\\/cbrell.de\\\/blog\\\/?s={search_term_string}\"},\"query-input\":{\"@type\":\"PropertyValueSpecification\",\"valueRequired\":true,\"valueName\":\"search_term_string\"}}],\"inLanguage\":\"de\"}]}<\/script>\n<!-- \/ Yoast SEO plugin. -->","yoast_head_json":{"title":"Datenschutzerkl\u00e4rung - Bienen, Natur und Internet of Things","robots":{"index":"index","follow":"follow","max-snippet":"max-snippet:-1","max-image-preview":"max-image-preview:large","max-video-preview":"max-video-preview:-1"},"canonical":"https:\/\/cbrell.de\/blog\/datenschutzerklaerung\/","og_locale":"de_DE","og_type":"article","og_title":"Datenschutzerkl\u00e4rung - Bienen, Natur und Internet of Things","og_description":"Angaben zur Erf\u00fcllung der Anspr\u00fcche aus der DSGVO Was ist das Ziel? Die Adresse dieser Website ist: https:\/\/cbrell.de\/blog. Verantwortlich ist Prof. Dr. Claus Brell (siehe Impressum). Ziel dieser Seite ist, ...","og_url":"https:\/\/cbrell.de\/blog\/datenschutzerklaerung\/","og_site_name":"Bienen, Natur und Internet of Things","article_modified_time":"2022-11-06T22:28:10+00:00","og_image":[{"url":"https:\/\/cbrell.de\/zaehler","type":"","width":"","height":""}],"twitter_card":"summary_large_image","twitter_site":"@clausbrell","twitter_misc":{"Gesch\u00e4tzte Lesezeit":"5\u00a0Minuten"},"schema":{"@context":"https:\/\/schema.org","@graph":[{"@type":"WebPage","@id":"https:\/\/cbrell.de\/blog\/datenschutzerklaerung\/","url":"https:\/\/cbrell.de\/blog\/datenschutzerklaerung\/","name":"Datenschutzerkl\u00e4rung - Bienen, Natur und Internet of Things","isPartOf":{"@id":"https:\/\/cbrell.de\/blog\/#website"},"primaryImageOfPage":{"@id":"https:\/\/cbrell.de\/blog\/datenschutzerklaerung\/#primaryimage"},"image":{"@id":"https:\/\/cbrell.de\/blog\/datenschutzerklaerung\/#primaryimage"},"thumbnailUrl":"https:\/\/cbrell.de\/zaehler","datePublished":"2018-05-19T12:11:16+00:00","dateModified":"2022-11-06T22:28:10+00:00","breadcrumb":{"@id":"https:\/\/cbrell.de\/blog\/datenschutzerklaerung\/#breadcrumb"},"inLanguage":"de","potentialAction":[{"@type":"ReadAction","target":["https:\/\/cbrell.de\/blog\/datenschutzerklaerung\/"]}]},{"@type":"ImageObject","inLanguage":"de","@id":"https:\/\/cbrell.de\/blog\/datenschutzerklaerung\/#primaryimage","url":"https:\/\/cbrell.de\/zaehler","contentUrl":"https:\/\/cbrell.de\/zaehler"},{"@type":"BreadcrumbList","@id":"https:\/\/cbrell.de\/blog\/datenschutzerklaerung\/#breadcrumb","itemListElement":[{"@type":"ListItem","position":1,"name":"Startseite","item":"https:\/\/cbrell.de\/blog\/"},{"@type":"ListItem","position":2,"name":"Datenschutzerkl\u00e4rung"}]},{"@type":"WebSite","@id":"https:\/\/cbrell.de\/blog\/#website","url":"https:\/\/cbrell.de\/blog\/","name":"Bienen, Natur und Internet of Things","description":"Alles, was einfach ist. Von Claus Brell","potentialAction":[{"@type":"SearchAction","target":{"@type":"EntryPoint","urlTemplate":"https:\/\/cbrell.de\/blog\/?s={search_term_string}"},"query-input":{"@type":"PropertyValueSpecification","valueRequired":true,"valueName":"search_term_string"}}],"inLanguage":"de"}]}},"_links":{"self":[{"href":"https:\/\/cbrell.de\/blog\/wp-json\/wp\/v2\/pages\/143","targetHints":{"allow":["GET"]}}],"collection":[{"href":"https:\/\/cbrell.de\/blog\/wp-json\/wp\/v2\/pages"}],"about":[{"href":"https:\/\/cbrell.de\/blog\/wp-json\/wp\/v2\/types\/page"}],"author":[{"embeddable":true,"href":"https:\/\/cbrell.de\/blog\/wp-json\/wp\/v2\/users\/1"}],"replies":[{"embeddable":true,"href":"https:\/\/cbrell.de\/blog\/wp-json\/wp\/v2\/comments?post=143"}],"version-history":[{"count":3,"href":"https:\/\/cbrell.de\/blog\/wp-json\/wp\/v2\/pages\/143\/revisions"}],"predecessor-version":[{"id":2964,"href":"https:\/\/cbrell.de\/blog\/wp-json\/wp\/v2\/pages\/143\/revisions\/2964"}],"wp:attachment":[{"href":"https:\/\/cbrell.de\/blog\/wp-json\/wp\/v2\/media?parent=143"}],"curies":[{"name":"wp","href":"https:\/\/api.w.org\/{rel}","templated":true}]}}