{"id":107,"date":"2017-08-21T14:59:29","date_gmt":"2017-08-21T12:59:29","guid":{"rendered":"http:\/\/naturwatch.cbrell.de\/?page_id=107"},"modified":"2017-08-21T14:59:29","modified_gmt":"2017-08-21T12:59:29","slug":"links","status":"publish","type":"page","link":"https:\/\/cbrell.de\/blog\/links\/","title":{"rendered":"Links"},"content":{"rendered":"<p><a href=\"http:\/\/naturwatch.cbrell.de\/wp-content\/uploads\/2017\/08\/Bildschirmfoto-2017-08-21-um-15.19.29.jpg\"><img decoding=\"async\" class=\"alignnone wp-image-118\" src=\"http:\/\/naturwatch.cbrell.de\/wp-content\/uploads\/2017\/08\/Bildschirmfoto-2017-08-21-um-15.19.29.jpg\" alt=\"\" width=\"792\" height=\"139\" \/><\/a><\/p>\n<p>Via Webcam den &#8222;Vogel des Jahres&#8220; an gleich zwei Standorten live beobachten &#8211; Waldkauz-Webcam des NABU:<\/p>\n<p><a href=\"https:\/\/blogs.nabu.de\/category\/vogel-des-jahres\/\">NABU Blog<\/a><\/p>\n<hr \/>\n<p><a href=\"http:\/\/naturwatch.cbrell.de\/wp-content\/uploads\/2017\/08\/Bildschirmfoto-2017-08-21-um-15.18.30.jpg\"><img decoding=\"async\" class=\"alignnone wp-image-117\" src=\"http:\/\/naturwatch.cbrell.de\/wp-content\/uploads\/2017\/08\/Bildschirmfoto-2017-08-21-um-15.18.30.jpg\" alt=\"\" width=\"792\" height=\"158\" \/><\/a><\/p>\n<p>Der Landesbund f\u00fcr Vogelschutz in Bayern gibt hilfreiche Tipps f\u00fcr das Anbringen und die Pflege von Nistk\u00e4sten:<\/p>\n<p><a href=\"http:\/\/www.lbv.de\/ratgeber\/vogelschutz\/nistkasten\/nistkaesten-richtig-anbringen.html\">LBV Ratgeber<\/a><\/p>\n<hr \/>\n<p><a href=\"http:\/\/naturwatch.cbrell.de\/wp-content\/uploads\/2017\/08\/Bildschirmfoto-2017-08-21-um-15.17.26.jpg\"><img decoding=\"async\" class=\"alignnone wp-image-116\" src=\"http:\/\/naturwatch.cbrell.de\/wp-content\/uploads\/2017\/08\/Bildschirmfoto-2017-08-21-um-15.17.26.jpg\" alt=\"\" width=\"793\" height=\"286\" srcset=\"https:\/\/cbrell.de\/blog\/wp-content\/uploads\/2017\/08\/Bildschirmfoto-2017-08-21-um-15.17.26.jpg 918w, https:\/\/cbrell.de\/blog\/wp-content\/uploads\/2017\/08\/Bildschirmfoto-2017-08-21-um-15.17.26-300x108.jpg 300w, https:\/\/cbrell.de\/blog\/wp-content\/uploads\/2017\/08\/Bildschirmfoto-2017-08-21-um-15.17.26-768x277.jpg 768w\" sizes=\"(max-width: 793px) 100vw, 793px\" \/><\/a><\/p>\n<p>Der Shop f\u00fcr Naturschutzprodukte Vivara beobachtet ebenfalls Kohlmeisen im Nistkasten per Webcam:<\/p>\n<p><a href=\"https:\/\/www.vivara.de\/webcam-blog-kohlmeise\">Vivara Blog<\/a><\/p>\n<hr \/>\n<p><a href=\"http:\/\/naturwatch.cbrell.de\/wp-content\/uploads\/2017\/08\/Bildschirmfoto-2017-08-21-um-15.15.14.jpg\"><img decoding=\"async\" class=\"alignnone wp-image-115\" src=\"http:\/\/naturwatch.cbrell.de\/wp-content\/uploads\/2017\/08\/Bildschirmfoto-2017-08-21-um-15.15.14.jpg\" alt=\"\" width=\"813\" height=\"225\" srcset=\"https:\/\/cbrell.de\/blog\/wp-content\/uploads\/2017\/08\/Bildschirmfoto-2017-08-21-um-15.15.14.jpg 1024w, https:\/\/cbrell.de\/blog\/wp-content\/uploads\/2017\/08\/Bildschirmfoto-2017-08-21-um-15.15.14-300x83.jpg 300w, https:\/\/cbrell.de\/blog\/wp-content\/uploads\/2017\/08\/Bildschirmfoto-2017-08-21-um-15.15.14-768x213.jpg 768w\" sizes=\"(max-width: 813px) 100vw, 813px\" \/><\/a><\/p>\n<p>Einen eigenen Nistkasten ganz einfach selbst bauen? Mit dieser Anleitung von Heimwerker.de kein Problem:<\/p>\n<p><a href=\"http:\/\/www.heimwerker.de\/bauanleitung\/heimwerken-fuer-tiere\/nistkasten-bauen.html\">Heimwerker Nistkasten<\/a><\/p>\n<hr \/>\n<p><a href=\"http:\/\/naturwatch.cbrell.de\/wp-content\/uploads\/2017\/08\/Bildschirmfoto-2017-08-21-um-15.13.37.jpg\"><img decoding=\"async\" class=\"alignnone size-full wp-image-114\" src=\"http:\/\/naturwatch.cbrell.de\/wp-content\/uploads\/2017\/08\/Bildschirmfoto-2017-08-21-um-15.13.37.jpg\" alt=\"\" width=\"800\" height=\"168\" \/><\/a><\/p>\n<p>Informationen &amp; n\u00fctzliche Tipps rund um den RaspberryPI stellt dieser Blog von Christopher Schubert zur Verf\u00fcgung:<\/p>\n<p><a href=\"http:\/\/raspberrycomputer.de\">Raspberrycomputer<\/a><\/p>\n<p>&nbsp;<\/p>\n<p>(Auf die Inhalte der heir verlinkten Seiten hat dieser Blog keinen Einfluss)<\/p>\n<p>&nbsp;<\/p>\n<p>&nbsp;<\/p>\n<div class=\"shariff shariff-align-flex-start shariff-widget-align-flex-start\" data-services=\"facebook\" data-url=\"https%3A%2F%2Fcbrell.de%2Fblog%2Flinks%2F\" data-timestamp=\"1503327569\" data-backendurl=\"https:\/\/cbrell.de\/blog\/wp-json\/shariff\/v1\/share_counts?\"><div class=\"ShariffHeadline\">Teile diesen Beitrag.<\/div><ul class=\"shariff-buttons theme-round orientation-horizontal buttonsize-medium\"><li class=\"shariff-button twitter shariff-nocustomcolor\" style=\"background-color:#32bbf5\"><a href=\"https:\/\/twitter.com\/share?url=https%3A%2F%2Fcbrell.de%2Fblog%2Flinks%2F&text=Links\" title=\"Bei Twitter teilen\" aria-label=\"Bei Twitter teilen\" role=\"button\" rel=\"noopener nofollow\" class=\"shariff-link\" style=\"; background-color:#55acee; color:#fff\" target=\"_blank\"><span class=\"shariff-icon\" style=\"\"><svg width=\"32px\" height=\"20px\" xmlns=\"http:\/\/www.w3.org\/2000\/svg\" viewBox=\"0 0 30 32\"><path fill=\"#55acee\" d=\"M29.7 6.8q-1.2 1.8-3 3.1 0 0.3 0 0.8 0 2.5-0.7 4.9t-2.2 4.7-3.5 4-4.9 2.8-6.1 1q-5.1 0-9.3-2.7 0.6 0.1 1.5 0.1 4.3 0 7.6-2.6-2-0.1-3.5-1.2t-2.2-3q0.6 0.1 1.1 0.1 0.8 0 1.6-0.2-2.1-0.4-3.5-2.1t-1.4-3.9v-0.1q1.3 0.7 2.8 0.8-1.2-0.8-2-2.2t-0.7-2.9q0-1.7 0.8-3.1 2.3 2.8 5.5 4.5t7 1.9q-0.2-0.7-0.2-1.4 0-2.5 1.8-4.3t4.3-1.8q2.7 0 4.5 1.9 2.1-0.4 3.9-1.5-0.7 2.2-2.7 3.4 1.8-0.2 3.5-0.9z\"\/><\/svg><\/span><\/a><\/li><li class=\"shariff-button facebook shariff-nocustomcolor\" style=\"background-color:#4273c8\"><a href=\"https:\/\/www.facebook.com\/sharer\/sharer.php?u=https%3A%2F%2Fcbrell.de%2Fblog%2Flinks%2F\" title=\"Bei Facebook teilen\" aria-label=\"Bei Facebook teilen\" role=\"button\" rel=\"nofollow\" class=\"shariff-link\" style=\"; background-color:#3b5998; color:#fff\" target=\"_blank\"><span class=\"shariff-icon\" style=\"\"><svg width=\"32px\" height=\"20px\" xmlns=\"http:\/\/www.w3.org\/2000\/svg\" viewBox=\"0 0 18 32\"><path fill=\"#3b5998\" d=\"M17.1 0.2v4.7h-2.8q-1.5 0-2.1 0.6t-0.5 1.9v3.4h5.2l-0.7 5.3h-4.5v13.6h-5.5v-13.6h-4.5v-5.3h4.5v-3.9q0-3.3 1.9-5.2t5-1.8q2.6 0 4.1 0.2z\"\/><\/svg><\/span><\/a><\/li><li class=\"shariff-button linkedin shariff-nocustomcolor\" style=\"background-color:#1488bf\"><a href=\"https:\/\/www.linkedin.com\/sharing\/share-offsite\/?url=https%3A%2F%2Fcbrell.de%2Fblog%2Flinks%2F\" title=\"Bei LinkedIn teilen\" aria-label=\"Bei LinkedIn teilen\" role=\"button\" rel=\"noopener nofollow\" class=\"shariff-link\" style=\"; background-color:#0077b5; color:#fff\" target=\"_blank\"><span class=\"shariff-icon\" style=\"\"><svg width=\"32px\" height=\"20px\" xmlns=\"http:\/\/www.w3.org\/2000\/svg\" viewBox=\"0 0 27 32\"><path fill=\"#0077b5\" d=\"M6.2 11.2v17.7h-5.9v-17.7h5.9zM6.6 5.7q0 1.3-0.9 2.2t-2.4 0.9h0q-1.5 0-2.4-0.9t-0.9-2.2 0.9-2.2 2.4-0.9 2.4 0.9 0.9 2.2zM27.4 18.7v10.1h-5.9v-9.5q0-1.9-0.7-2.9t-2.3-1.1q-1.1 0-1.9 0.6t-1.2 1.5q-0.2 0.5-0.2 1.4v9.9h-5.9q0-7.1 0-11.6t0-5.3l0-0.9h5.9v2.6h0q0.4-0.6 0.7-1t1-0.9 1.6-0.8 2-0.3q3 0 4.9 2t1.9 6z\"\/><\/svg><\/span><\/a><\/li><\/ul><\/div>","protected":false},"excerpt":{"rendered":"<p>Via Webcam den &#8222;Vogel des Jahres&#8220; an gleich zwei Standorten live beobachten &#8211; Waldkauz-Webcam des NABU: NABU Blog Der Landesbund f\u00fcr Vogelschutz in Bayern gibt hilfreiche Tipps f\u00fcr das Anbringen &#8230;<\/p>\n","protected":false},"author":1,"featured_media":0,"parent":0,"menu_order":0,"comment_status":"closed","ping_status":"closed","template":"","meta":{"footnotes":""},"class_list":["post-107","page","type-page","status-publish","hentry"],"yoast_head":"<!-- This site is optimized with the Yoast SEO plugin v27.3 - https:\/\/yoast.com\/product\/yoast-seo-wordpress\/ -->\n<title>Links - Bienen, Natur und Internet of Things<\/title>\n<meta name=\"robots\" content=\"index, follow, max-snippet:-1, max-image-preview:large, max-video-preview:-1\" \/>\n<link rel=\"canonical\" href=\"https:\/\/cbrell.de\/blog\/links\/\" \/>\n<meta property=\"og:locale\" content=\"de_DE\" \/>\n<meta property=\"og:type\" content=\"article\" \/>\n<meta property=\"og:title\" content=\"Links - Bienen, Natur und Internet of Things\" \/>\n<meta property=\"og:description\" content=\"Via Webcam den &#8222;Vogel des Jahres&#8220; an gleich zwei Standorten live beobachten &#8211; Waldkauz-Webcam des NABU: NABU Blog Der Landesbund f\u00fcr Vogelschutz in Bayern gibt hilfreiche Tipps f\u00fcr das Anbringen ...\" \/>\n<meta property=\"og:url\" content=\"https:\/\/cbrell.de\/blog\/links\/\" \/>\n<meta property=\"og:site_name\" content=\"Bienen, Natur und Internet of Things\" \/>\n<meta property=\"og:image\" content=\"http:\/\/naturwatch.cbrell.de\/wp-content\/uploads\/2017\/08\/Bildschirmfoto-2017-08-21-um-15.19.29.jpg\" \/>\n<meta name=\"twitter:card\" content=\"summary_large_image\" \/>\n<meta name=\"twitter:site\" content=\"@clausbrell\" \/>\n<meta name=\"twitter:label1\" content=\"Gesch\u00e4tzte Lesezeit\" \/>\n\t<meta name=\"twitter:data1\" content=\"1\u00a0Minute\" \/>\n<script type=\"application\/ld+json\" class=\"yoast-schema-graph\">{\"@context\":\"https:\\\/\\\/schema.org\",\"@graph\":[{\"@type\":\"WebPage\",\"@id\":\"https:\\\/\\\/cbrell.de\\\/blog\\\/links\\\/\",\"url\":\"https:\\\/\\\/cbrell.de\\\/blog\\\/links\\\/\",\"name\":\"Links - Bienen, Natur und Internet of Things\",\"isPartOf\":{\"@id\":\"https:\\\/\\\/cbrell.de\\\/blog\\\/#website\"},\"primaryImageOfPage\":{\"@id\":\"https:\\\/\\\/cbrell.de\\\/blog\\\/links\\\/#primaryimage\"},\"image\":{\"@id\":\"https:\\\/\\\/cbrell.de\\\/blog\\\/links\\\/#primaryimage\"},\"thumbnailUrl\":\"http:\\\/\\\/naturwatch.cbrell.de\\\/wp-content\\\/uploads\\\/2017\\\/08\\\/Bildschirmfoto-2017-08-21-um-15.19.29.jpg\",\"datePublished\":\"2017-08-21T12:59:29+00:00\",\"breadcrumb\":{\"@id\":\"https:\\\/\\\/cbrell.de\\\/blog\\\/links\\\/#breadcrumb\"},\"inLanguage\":\"de\",\"potentialAction\":[{\"@type\":\"ReadAction\",\"target\":[\"https:\\\/\\\/cbrell.de\\\/blog\\\/links\\\/\"]}]},{\"@type\":\"ImageObject\",\"inLanguage\":\"de\",\"@id\":\"https:\\\/\\\/cbrell.de\\\/blog\\\/links\\\/#primaryimage\",\"url\":\"http:\\\/\\\/naturwatch.cbrell.de\\\/wp-content\\\/uploads\\\/2017\\\/08\\\/Bildschirmfoto-2017-08-21-um-15.19.29.jpg\",\"contentUrl\":\"http:\\\/\\\/naturwatch.cbrell.de\\\/wp-content\\\/uploads\\\/2017\\\/08\\\/Bildschirmfoto-2017-08-21-um-15.19.29.jpg\"},{\"@type\":\"BreadcrumbList\",\"@id\":\"https:\\\/\\\/cbrell.de\\\/blog\\\/links\\\/#breadcrumb\",\"itemListElement\":[{\"@type\":\"ListItem\",\"position\":1,\"name\":\"Startseite\",\"item\":\"https:\\\/\\\/cbrell.de\\\/blog\\\/\"},{\"@type\":\"ListItem\",\"position\":2,\"name\":\"Links\"}]},{\"@type\":\"WebSite\",\"@id\":\"https:\\\/\\\/cbrell.de\\\/blog\\\/#website\",\"url\":\"https:\\\/\\\/cbrell.de\\\/blog\\\/\",\"name\":\"Bienen, Natur und Internet of Things\",\"description\":\"Alles, was einfach ist. Von Claus Brell\",\"potentialAction\":[{\"@type\":\"SearchAction\",\"target\":{\"@type\":\"EntryPoint\",\"urlTemplate\":\"https:\\\/\\\/cbrell.de\\\/blog\\\/?s={search_term_string}\"},\"query-input\":{\"@type\":\"PropertyValueSpecification\",\"valueRequired\":true,\"valueName\":\"search_term_string\"}}],\"inLanguage\":\"de\"}]}<\/script>\n<!-- \/ Yoast SEO plugin. -->","yoast_head_json":{"title":"Links - Bienen, Natur und Internet of Things","robots":{"index":"index","follow":"follow","max-snippet":"max-snippet:-1","max-image-preview":"max-image-preview:large","max-video-preview":"max-video-preview:-1"},"canonical":"https:\/\/cbrell.de\/blog\/links\/","og_locale":"de_DE","og_type":"article","og_title":"Links - Bienen, Natur und Internet of Things","og_description":"Via Webcam den &#8222;Vogel des Jahres&#8220; an gleich zwei Standorten live beobachten &#8211; Waldkauz-Webcam des NABU: NABU Blog Der Landesbund f\u00fcr Vogelschutz in Bayern gibt hilfreiche Tipps f\u00fcr das Anbringen ...","og_url":"https:\/\/cbrell.de\/blog\/links\/","og_site_name":"Bienen, Natur und Internet of Things","og_image":[{"url":"http:\/\/naturwatch.cbrell.de\/wp-content\/uploads\/2017\/08\/Bildschirmfoto-2017-08-21-um-15.19.29.jpg","type":"","width":"","height":""}],"twitter_card":"summary_large_image","twitter_site":"@clausbrell","twitter_misc":{"Gesch\u00e4tzte Lesezeit":"1\u00a0Minute"},"schema":{"@context":"https:\/\/schema.org","@graph":[{"@type":"WebPage","@id":"https:\/\/cbrell.de\/blog\/links\/","url":"https:\/\/cbrell.de\/blog\/links\/","name":"Links - Bienen, Natur und Internet of Things","isPartOf":{"@id":"https:\/\/cbrell.de\/blog\/#website"},"primaryImageOfPage":{"@id":"https:\/\/cbrell.de\/blog\/links\/#primaryimage"},"image":{"@id":"https:\/\/cbrell.de\/blog\/links\/#primaryimage"},"thumbnailUrl":"http:\/\/naturwatch.cbrell.de\/wp-content\/uploads\/2017\/08\/Bildschirmfoto-2017-08-21-um-15.19.29.jpg","datePublished":"2017-08-21T12:59:29+00:00","breadcrumb":{"@id":"https:\/\/cbrell.de\/blog\/links\/#breadcrumb"},"inLanguage":"de","potentialAction":[{"@type":"ReadAction","target":["https:\/\/cbrell.de\/blog\/links\/"]}]},{"@type":"ImageObject","inLanguage":"de","@id":"https:\/\/cbrell.de\/blog\/links\/#primaryimage","url":"http:\/\/naturwatch.cbrell.de\/wp-content\/uploads\/2017\/08\/Bildschirmfoto-2017-08-21-um-15.19.29.jpg","contentUrl":"http:\/\/naturwatch.cbrell.de\/wp-content\/uploads\/2017\/08\/Bildschirmfoto-2017-08-21-um-15.19.29.jpg"},{"@type":"BreadcrumbList","@id":"https:\/\/cbrell.de\/blog\/links\/#breadcrumb","itemListElement":[{"@type":"ListItem","position":1,"name":"Startseite","item":"https:\/\/cbrell.de\/blog\/"},{"@type":"ListItem","position":2,"name":"Links"}]},{"@type":"WebSite","@id":"https:\/\/cbrell.de\/blog\/#website","url":"https:\/\/cbrell.de\/blog\/","name":"Bienen, Natur und Internet of Things","description":"Alles, was einfach ist. Von Claus Brell","potentialAction":[{"@type":"SearchAction","target":{"@type":"EntryPoint","urlTemplate":"https:\/\/cbrell.de\/blog\/?s={search_term_string}"},"query-input":{"@type":"PropertyValueSpecification","valueRequired":true,"valueName":"search_term_string"}}],"inLanguage":"de"}]}},"_links":{"self":[{"href":"https:\/\/cbrell.de\/blog\/wp-json\/wp\/v2\/pages\/107","targetHints":{"allow":["GET"]}}],"collection":[{"href":"https:\/\/cbrell.de\/blog\/wp-json\/wp\/v2\/pages"}],"about":[{"href":"https:\/\/cbrell.de\/blog\/wp-json\/wp\/v2\/types\/page"}],"author":[{"embeddable":true,"href":"https:\/\/cbrell.de\/blog\/wp-json\/wp\/v2\/users\/1"}],"replies":[{"embeddable":true,"href":"https:\/\/cbrell.de\/blog\/wp-json\/wp\/v2\/comments?post=107"}],"version-history":[{"count":0,"href":"https:\/\/cbrell.de\/blog\/wp-json\/wp\/v2\/pages\/107\/revisions"}],"wp:attachment":[{"href":"https:\/\/cbrell.de\/blog\/wp-json\/wp\/v2\/media?parent=107"}],"curies":[{"name":"wp","href":"https:\/\/api.w.org\/{rel}","templated":true}]}}